{"id":54874,"date":"2022-06-14T09:47:36","date_gmt":"2022-06-14T09:47:36","guid":{"rendered":"https:\/\/www.padaworks.com\/product\/medium-purple-rug-bedside-rug-soft-rug-machine-washable-rug-rustic-home-decor-bathroom-rug-living-room-rug-kitchen-rug\/"},"modified":"2026-02-20T23:32:22","modified_gmt":"2026-02-20T23:32:22","slug":"tapete-roxo-real-medio-70x140cm-tapete-de-argolas","status":"publish","type":"product","link":"https:\/\/www.padaworks.com\/pt\/product\/tapete-roxo-real-medio-70x140cm-tapete-de-argolas\/","title":{"rendered":"Tapete M\u00e9dio Royal Purple \u2013 70 x 140 cm \u2013 Tapete Ring Line"},"content":{"rendered":"<p>Tapete Royal Purple m\u00e9dio<\/p>\n<p>Este tapete \u00e9 tecido num tear manual com tecidos reutilizados.<br \/>\nEstes tapetes s\u00e3o robustos, leves e podem ser lavados regularmente \u00e0 m\u00e3o ou \u00e0 m\u00e1quina.<br \/>\n\u00c9 ecol\u00f3gico porque reutiliza a mat\u00e9ria-prima desperdi\u00e7ada pela ind\u00fastria t\u00eaxtil.<br \/>\nRecomendamos a lavagem a frio ou a 30\u00b0C.<br \/>\nUma vez que este tapete \u00e9 fabricado com produtos reciclados das ind\u00fastrias t\u00eaxteis, pode haver ligeiras varia\u00e7\u00f5es de cor.<\/p>\n<p>\u00c9 poss\u00edvel fazer um tamanho personalizado deste tapete. Entre em contacto connosco.<\/p>\n<p>Feito \u00e0 m\u00e3o<br \/>\nFabricado em Portugal<\/p>\n<p>Dimens\u00f5es:<br \/>\nC - 140 cm, L - 70 cm<br \/>\nC - 55,1 pol., L - 27,6 pol.<br \/>\nC - 4,6 p\u00e9s, L - 2,3 p\u00e9s<\/p>\n<p>As dimens\u00f5es podem variar ligeiramente.<\/p>","protected":false},"excerpt":{"rendered":"<p>Medium Royal Purple Rug This rug is woven in a manual loom with fabrics reused. These rugs are robust, light, and can be regularly washed by hand or machine. It is ecological because they reuse raw material wasted by the textil industry. We recommend cold washing or to 30\u00b0C. Since this rug is made with [&hellip;]<\/p>","protected":false},"featured_media":101909,"comment_status":"open","ping_status":"closed","template":"","meta":{"_acf_changed":false},"product_brand":[],"product_cat":[2729],"product_tag":[816,618,465,648,293,590,596,466,677,841,515,574,920],"class_list":{"0":"post-54874","1":"product","2":"type-product","3":"status-publish","4":"has-post-thumbnail","6":"product_cat-ring-line","7":"product_tag-area-rug","8":"product_tag-bath-mat","9":"product_tag-bedroom-rug","10":"product_tag-carpet-rug","11":"product_tag-cotton-rug","12":"product_tag-floor-mat","13":"product_tag-hallway-rug","14":"product_tag-kitchen-mat","15":"product_tag-living-room-decor","16":"product_tag-modern-rug","17":"product_tag-rugs-for-living-room","18":"product_tag-runner-rug","19":"product_tag-very-peri","20":"product_shipping_class-small-package","21":"pa_finish-with-fringes","22":"pa_finish-without-fringes","24":"first","25":"instock","26":"taxable","27":"shipping-taxable","28":"purchasable","29":"product-type-variable","30":"has-default-attributes","31":"wvs-archive-product-wrapper"},"acf":[],"gallery_images":[101908,101907,101906,101905,101904,101903,101902,101901,101900,101899,14330],"_links":{"self":[{"href":"https:\/\/www.padaworks.com\/pt\/wp-json\/wp\/v2\/product\/54874","targetHints":{"allow":["GET"]}}],"collection":[{"href":"https:\/\/www.padaworks.com\/pt\/wp-json\/wp\/v2\/product"}],"about":[{"href":"https:\/\/www.padaworks.com\/pt\/wp-json\/wp\/v2\/types\/product"}],"replies":[{"embeddable":true,"href":"https:\/\/www.padaworks.com\/pt\/wp-json\/wp\/v2\/comments?post=54874"}],"wp:featuredmedia":[{"embeddable":true,"href":"https:\/\/www.padaworks.com\/pt\/wp-json\/wp\/v2\/media\/101909"}],"wp:attachment":[{"href":"https:\/\/www.padaworks.com\/pt\/wp-json\/wp\/v2\/media?parent=54874"}],"wp:term":[{"taxonomy":"product_brand","embeddable":true,"href":"https:\/\/www.padaworks.com\/pt\/wp-json\/wp\/v2\/product_brand?post=54874"},{"taxonomy":"product_cat","embeddable":true,"href":"https:\/\/www.padaworks.com\/pt\/wp-json\/wp\/v2\/product_cat?post=54874"},{"taxonomy":"product_tag","embeddable":true,"href":"https:\/\/www.padaworks.com\/pt\/wp-json\/wp\/v2\/product_tag?post=54874"}],"curies":[{"name":"wp","href":"https:\/\/api.w.org\/{rel}","templated":true}]}}