{"id":54834,"date":"2022-06-14T09:45:46","date_gmt":"2022-06-14T09:45:46","guid":{"rendered":"https:\/\/www.padaworks.com\/product\/flowers-straw-bag-shopping-basket-straw-french-bag-market-basket-beach-bag-shopping-bag-boho-bag\/"},"modified":"2026-04-05T16:47:21","modified_gmt":"2026-04-05T16:47:21","slug":"saco-de-rede-grande","status":"publish","type":"product","link":"https:\/\/www.padaworks.com\/pt\/product\/saco-de-rede-grande\/","title":{"rendered":"Saco de malha \u2013 Grande"},"content":{"rendered":"<p>Saco de palha com flores<\/p>\n<p>Com um design bonito, \u00e9 adequado para o seu estilo mais casual e descontra\u00eddo, sempre pronto para as suas necessidades.<\/p>\n<p>Este saco \u00e9 super pr\u00e1tico para utilizar desde as suas compras di\u00e1rias at\u00e9 ao seu fim de semana no campo com a fam\u00edlia e amigos.<br \/>Pode utiliz\u00e1-lo para colher os melhores frutos do seu pomar, as flores do seu jardim ou mesmo para levar para a praia todos os pertences do seu marido e dos seus filhos.<\/p>\n<p>Dimens\u00f5es:<br \/>C - 50cm, L - 19cm, A - 29cm<br \/>C - 19,7in, W - 7,5in, H - 11,4in<\/p>\n<p>As dimens\u00f5es do saco podem variar ligeiramente<\/p>","protected":false},"excerpt":{"rendered":"<p>Flowers Straw Bag With a beautiful design, it is suitable for your most casual and relaxed style, always ready for your needs. This bag is super practical to use from your day-to-day shopping to your weekend in the countryside with family and friends.You can use it to pick the best fruit from your orchard, the [&hellip;]<\/p>","protected":false},"featured_media":54835,"comment_status":"open","ping_status":"closed","template":"","meta":{"_acf_changed":false},"product_brand":[],"product_cat":[2735],"product_tag":[302,889,887,366,598,359,307,888,345,344,385,346,303],"class_list":{"0":"post-54834","1":"product","2":"type-product","3":"status-publish","4":"has-post-thumbnail","6":"product_cat-straw-bags","7":"product_tag-basket-bag","8":"product_tag-christmas-basket","9":"product_tag-eco-friendly-bag","10":"product_tag-french-market-basket","11":"product_tag-gift-bag","12":"product_tag-grocery-bag","13":"product_tag-market-bag","14":"product_tag-mesh-bag","15":"product_tag-small-straw-bag","16":"product_tag-straw-bag","17":"product_tag-straw-beach-bag","18":"product_tag-straw-handbag","19":"product_tag-summer-bag","20":"product_shipping_class-small-package","22":"first","23":"instock","24":"sale","25":"taxable","26":"shipping-taxable","27":"purchasable","28":"product-type-simple"},"acf":[],"gallery_images":[54836,54837,54838,54839,54840,54841,54842,54843],"_links":{"self":[{"href":"https:\/\/www.padaworks.com\/pt\/wp-json\/wp\/v2\/product\/54834","targetHints":{"allow":["GET"]}}],"collection":[{"href":"https:\/\/www.padaworks.com\/pt\/wp-json\/wp\/v2\/product"}],"about":[{"href":"https:\/\/www.padaworks.com\/pt\/wp-json\/wp\/v2\/types\/product"}],"replies":[{"embeddable":true,"href":"https:\/\/www.padaworks.com\/pt\/wp-json\/wp\/v2\/comments?post=54834"}],"wp:featuredmedia":[{"embeddable":true,"href":"https:\/\/www.padaworks.com\/pt\/wp-json\/wp\/v2\/media\/54835"}],"wp:attachment":[{"href":"https:\/\/www.padaworks.com\/pt\/wp-json\/wp\/v2\/media?parent=54834"}],"wp:term":[{"taxonomy":"product_brand","embeddable":true,"href":"https:\/\/www.padaworks.com\/pt\/wp-json\/wp\/v2\/product_brand?post=54834"},{"taxonomy":"product_cat","embeddable":true,"href":"https:\/\/www.padaworks.com\/pt\/wp-json\/wp\/v2\/product_cat?post=54834"},{"taxonomy":"product_tag","embeddable":true,"href":"https:\/\/www.padaworks.com\/pt\/wp-json\/wp\/v2\/product_tag?post=54834"}],"curies":[{"name":"wp","href":"https:\/\/api.w.org\/{rel}","templated":true}]}}