{"id":54824,"date":"2022-06-14T09:44:48","date_gmt":"2022-06-14T09:44:48","guid":{"rendered":"https:\/\/www.padaworks.com\/product\/summer-bag-straw-bag-market-basket-french-basket-bag-beach-bag-straw-shoulder-bag-bohemian-bag\/"},"modified":"2026-02-12T14:31:15","modified_gmt":"2026-02-12T14:31:15","slug":"bolsa-de-verao-a-tiracolo-com-alcas-de-couro","status":"publish","type":"product","link":"https:\/\/www.padaworks.com\/pt\/product\/bolsa-de-verao-a-tiracolo-com-alcas-de-couro\/","title":{"rendered":"Mala de ombro de ver\u00e3o com al\u00e7as de couro"},"content":{"rendered":"<p>Bolsa de ver\u00e3o<\/p>\n<p>Dimens\u00f5es:<br \/>C - 45 cm, L - 12 cm, A - 25 cm, A com pega - 62 cm<br \/>C - 17,7 pol., L - 4,7 pol., A - 9,8 pol., A com pega - 24,4 pol.<\/p>\n<p>As dimens\u00f5es do saco podem variar ligeiramente<\/p>","protected":false},"excerpt":{"rendered":"<p>Summer Bag Dimensions:L &#8211; 45 cm, W &#8211; 12 cm, H &#8211; 25 cm, H with handle &#8211; 62 cmL &#8211; 17,7 in, W &#8211; 4,7 in, H &#8211; 9,8 in, H with handle &#8211; 24,4 in The dimensions of the bag may vary slightly<\/p>","protected":false},"featured_media":54825,"comment_status":"open","ping_status":"closed","template":"","meta":{"_acf_changed":false},"product_brand":[],"product_cat":[2735,2719],"product_tag":[302,884,381,598,359,599,883,307,759,385,364,303,384],"class_list":{"0":"post-54824","1":"product","2":"type-product","3":"status-publish","4":"has-post-thumbnail","6":"product_cat-straw-bags","7":"product_cat-special-offers","8":"product_tag-basket-bag","9":"product_tag-beach-bag-for-women","10":"product_tag-boho-bag","11":"product_tag-gift-bag","12":"product_tag-grocery-bag","13":"product_tag-handmade-bag","14":"product_tag-handmade-tote-bag","15":"product_tag-market-bag","16":"product_tag-shopping-bag","17":"product_tag-straw-beach-bag","18":"product_tag-straw-tote-bag","19":"product_tag-summer-bag","20":"product_tag-tote-bag","21":"product_shipping_class-small-package","23":"first","24":"instock","25":"sale","26":"taxable","27":"shipping-taxable","28":"purchasable","29":"product-type-simple"},"acf":[],"gallery_images":[54826,54827,54828,54829,54830,54831,54832,54833],"_links":{"self":[{"href":"https:\/\/www.padaworks.com\/pt\/wp-json\/wp\/v2\/product\/54824","targetHints":{"allow":["GET"]}}],"collection":[{"href":"https:\/\/www.padaworks.com\/pt\/wp-json\/wp\/v2\/product"}],"about":[{"href":"https:\/\/www.padaworks.com\/pt\/wp-json\/wp\/v2\/types\/product"}],"replies":[{"embeddable":true,"href":"https:\/\/www.padaworks.com\/pt\/wp-json\/wp\/v2\/comments?post=54824"}],"wp:featuredmedia":[{"embeddable":true,"href":"https:\/\/www.padaworks.com\/pt\/wp-json\/wp\/v2\/media\/54825"}],"wp:attachment":[{"href":"https:\/\/www.padaworks.com\/pt\/wp-json\/wp\/v2\/media?parent=54824"}],"wp:term":[{"taxonomy":"product_brand","embeddable":true,"href":"https:\/\/www.padaworks.com\/pt\/wp-json\/wp\/v2\/product_brand?post=54824"},{"taxonomy":"product_cat","embeddable":true,"href":"https:\/\/www.padaworks.com\/pt\/wp-json\/wp\/v2\/product_cat?post=54824"},{"taxonomy":"product_tag","embeddable":true,"href":"https:\/\/www.padaworks.com\/pt\/wp-json\/wp\/v2\/product_tag?post=54824"}],"curies":[{"name":"wp","href":"https:\/\/api.w.org\/{rel}","templated":true}]}}