{"id":54783,"date":"2022-06-14T09:37:07","date_gmt":"2022-06-14T09:37:07","guid":{"rendered":"https:\/\/www.padaworks.com\/product\/small-baby-pink-rug-110x60cm-rugs-for-bedroom-girl-room-rug-nursery-rug-rag-rug-cotton-rug-kids-room-rug-soft-rug-floor-mat\/"},"modified":"2026-02-20T23:32:02","modified_gmt":"2026-02-20T23:32:02","slug":"tapete-pequeno-rosa-bebe-110x60cm-tapetes-para-quarto-de-menina-tapete-para-quarto-de-crianca-tapete-de-trapo-tapete-de-algodao-tapete-para-quarto-de-crianca-tapete-macio-tapete-de-chao","status":"publish","type":"product","link":"https:\/\/www.padaworks.com\/pt\/product\/tapete-pequeno-rosa-bebe-110x60cm-tapetes-para-quarto-de-menina-tapete-para-quarto-de-crianca-tapete-de-trapo-tapete-de-algodao-tapete-para-quarto-de-crianca-tapete-macio-tapete-de-chao\/","title":{"rendered":"Tapete pequeno cor-de-rosa claro - 60x110cm - Tapete Ring Line"},"content":{"rendered":"<p>Tapete pequeno cor-de-rosa claro<\/p>\n<p>Este tapete \u00e9 tecido num tear manual com tecidos reutilizados.<br \/>Estes tapetes s\u00e3o robustos, leves e podem ser lavados regularmente \u00e0 m\u00e3o ou \u00e0 m\u00e1quina.<br \/>\u00c9 ecol\u00f3gico porque reutiliza a mat\u00e9ria-prima desperdi\u00e7ada pela ind\u00fastria t\u00eaxtil.<br \/>Recomendamos a lavagem a frio ou a 30\u00b0C.<br \/>Uma vez que este tapete \u00e9 fabricado com produtos reciclados das ind\u00fastrias t\u00eaxteis, pode haver ligeiras varia\u00e7\u00f5es de cor.<\/p>\n<p>\u00c9 poss\u00edvel fazer um tamanho personalizado deste bonito tapete, por favor contacte-nos ?<br \/>Temos mais cores dispon\u00edveis, por favor veja a sua cor favorita na galeria para que possamos fazer o tapete perfeito para a sua casa!<\/p>\n<p>Feito \u00e0 m\u00e3o<br \/>Fabricado em Portugal<\/p>\n<p>Dimens\u00f5es:<br \/>C - 110 cm, L - 60 cm<br \/>C - 43,3 pol., L - 23,6 pol.<br \/>C - 3,6 p\u00e9s, L - 2,0 p\u00e9s<br \/>Espessura - cerca de 0,8 cm; 0,3 in<\/p>\n<p>As dimens\u00f5es podem variar ligeiramente.<\/p>","protected":false},"excerpt":{"rendered":"<p>Small Light Pink Rug This rug is woven in a manual loom with fabrics reused.These rugs are robust, light, and can be regularly washed by hand or machine.It is ecological because they reuse raw material wasted by the textil industry.We recommend cold washing or to 30\u00b0C.Since this rug is made with recycled products from the [&hellip;]<\/p>","protected":false},"featured_media":54784,"comment_status":"open","ping_status":"open","template":"","meta":{"_acf_changed":false},"product_brand":[],"product_cat":[2729],"product_tag":[618,589,421,465,477,481,483,596,581,577,593,628,578],"class_list":{"0":"post-54783","1":"product","2":"type-product","3":"status-publish","4":"has-post-thumbnail","6":"product_cat-ring-line","7":"product_tag-bath-mat","8":"product_tag-bath-rug","9":"product_tag-bathroom-rug","10":"product_tag-bedroom-rug","11":"product_tag-bedside-rug","12":"product_tag-chunky-rug","13":"product_tag-front-door-rug","14":"product_tag-hallway-rug","15":"product_tag-living-room-rug","16":"product_tag-machine-washable-rug","17":"product_tag-pink-rug","18":"product_tag-soft-rug","19":"product_tag-yoga-rug","20":"product_shipping_class-small-package","21":"pa_finish-with-fringes","22":"pa_finish-without-fringes","24":"first","25":"instock","26":"taxable","27":"shipping-taxable","28":"purchasable","29":"product-type-variable","30":"has-default-attributes","31":"wvs-archive-product-wrapper"},"acf":[],"gallery_images":[54785,54786,54787,54788,54789,54790,54791,54792,54793],"_links":{"self":[{"href":"https:\/\/www.padaworks.com\/pt\/wp-json\/wp\/v2\/product\/54783","targetHints":{"allow":["GET"]}}],"collection":[{"href":"https:\/\/www.padaworks.com\/pt\/wp-json\/wp\/v2\/product"}],"about":[{"href":"https:\/\/www.padaworks.com\/pt\/wp-json\/wp\/v2\/types\/product"}],"replies":[{"embeddable":true,"href":"https:\/\/www.padaworks.com\/pt\/wp-json\/wp\/v2\/comments?post=54783"}],"wp:featuredmedia":[{"embeddable":true,"href":"https:\/\/www.padaworks.com\/pt\/wp-json\/wp\/v2\/media\/54784"}],"wp:attachment":[{"href":"https:\/\/www.padaworks.com\/pt\/wp-json\/wp\/v2\/media?parent=54783"}],"wp:term":[{"taxonomy":"product_brand","embeddable":true,"href":"https:\/\/www.padaworks.com\/pt\/wp-json\/wp\/v2\/product_brand?post=54783"},{"taxonomy":"product_cat","embeddable":true,"href":"https:\/\/www.padaworks.com\/pt\/wp-json\/wp\/v2\/product_cat?post=54783"},{"taxonomy":"product_tag","embeddable":true,"href":"https:\/\/www.padaworks.com\/pt\/wp-json\/wp\/v2\/product_tag?post=54783"}],"curies":[{"name":"wp","href":"https:\/\/api.w.org\/{rel}","templated":true}]}}