{"id":54771,"date":"2022-06-14T09:36:24","date_gmt":"2022-06-14T09:36:24","guid":{"rendered":"https:\/\/www.padaworks.com\/product\/straw-kids-hat\/"},"modified":"2026-03-25T15:07:53","modified_gmt":"2026-03-25T15:07:53","slug":"chapeu-de-palha-para-criancas","status":"publish","type":"product","link":"https:\/\/www.padaworks.com\/pt\/product\/chapeu-de-palha-para-criancas\/","title":{"rendered":"Chap\u00e9u de palha para crian\u00e7as"},"content":{"rendered":"<p>Chap\u00e9u de palha para crian\u00e7as<br \/>com fita preta<\/p>\n<p>Feito \u00e0 m\u00e3o<br \/>Fabricado em Portugal<\/p>\n<p>Tamanho - 49 cm \/ 50 cm; 19,3 in \/ 19,7 in<br \/>Di\u00e2metro total - 26 cm; 10,2 in<\/p>\n<p>As dimens\u00f5es do chap\u00e9u podem variar ligeiramente.<\/p>","protected":false},"excerpt":{"rendered":"<p>Chap\u00e9u de Palha para Crian\u00e7as com Fita Preta Feito \u00e0 m\u00e3oFabricado em Portugal Tamanho - 49 cm \/ 50 cm; 19,3 in \/ 19,7 inDi\u00e2metro total - 26 cm; 10,2 in As dimens\u00f5es do chap\u00e9u podem variar ligeiramente.<\/p>","protected":false},"featured_media":54772,"comment_status":"open","ping_status":"open","template":"","meta":{"_acf_changed":false},"product_brand":[],"product_cat":[1546],"product_tag":[734,882,880,881,876,332,733,874,271,877,879,878,875],"class_list":{"0":"post-54771","1":"product","2":"type-product","3":"status-publish","4":"has-post-thumbnail","6":"product_cat-hats-accessories","7":"product_tag-boater-hat","8":"product_tag-boater-hats-children","9":"product_tag-boater-hats-for-kids","10":"product_tag-children-hat","11":"product_tag-childs-straw-hat","12":"product_tag-kids-hat","13":"product_tag-portuguese-hat","14":"product_tag-portuguese-straw-hat","15":"product_tag-straw-hat","16":"product_tag-straw-hat-children","17":"product_tag-straw-hat-kids","18":"product_tag-summer-hats","19":"product_tag-wedding-straw-hat","20":"pa_finish-with-ribbon","21":"pa_finish-without-ribbon","23":"first","24":"instock","25":"taxable","26":"shipping-taxable","27":"purchasable","28":"product-type-variable","29":"has-default-attributes","30":"wvs-archive-product-wrapper"},"acf":[],"gallery_images":[54773,54774,54775,54776,54777,54778,54779,54780],"_links":{"self":[{"href":"https:\/\/www.padaworks.com\/pt\/wp-json\/wp\/v2\/product\/54771","targetHints":{"allow":["GET"]}}],"collection":[{"href":"https:\/\/www.padaworks.com\/pt\/wp-json\/wp\/v2\/product"}],"about":[{"href":"https:\/\/www.padaworks.com\/pt\/wp-json\/wp\/v2\/types\/product"}],"replies":[{"embeddable":true,"href":"https:\/\/www.padaworks.com\/pt\/wp-json\/wp\/v2\/comments?post=54771"}],"wp:featuredmedia":[{"embeddable":true,"href":"https:\/\/www.padaworks.com\/pt\/wp-json\/wp\/v2\/media\/54772"}],"wp:attachment":[{"href":"https:\/\/www.padaworks.com\/pt\/wp-json\/wp\/v2\/media?parent=54771"}],"wp:term":[{"taxonomy":"product_brand","embeddable":true,"href":"https:\/\/www.padaworks.com\/pt\/wp-json\/wp\/v2\/product_brand?post=54771"},{"taxonomy":"product_cat","embeddable":true,"href":"https:\/\/www.padaworks.com\/pt\/wp-json\/wp\/v2\/product_cat?post=54771"},{"taxonomy":"product_tag","embeddable":true,"href":"https:\/\/www.padaworks.com\/pt\/wp-json\/wp\/v2\/product_tag?post=54771"}],"curies":[{"name":"wp","href":"https:\/\/api.w.org\/{rel}","templated":true}]}}