{"id":54709,"date":"1970-01-01T00:00:00","date_gmt":"1970-01-01T00:00:00","guid":{"rendered":"https:\/\/www.padaworks.com\/product\/wicker-picnic-basket-oval-blue-medium\/"},"modified":"2025-11-19T09:30:04","modified_gmt":"2025-11-19T09:30:04","slug":"cesto-de-piquenique-em-vime-oval-azul-medio","status":"publish","type":"product","link":"https:\/\/www.padaworks.com\/pt\/product\/cesto-de-piquenique-em-vime-oval-azul-medio\/","title":{"rendered":"Cesto de piquenique em vime - Azul oval - M\u00e9dio"},"content":{"rendered":"<p>Cesto de piquenique em vime - Azul oval - M\u00e9dio<\/p>\n<p>Perfeito para um piquenique com a fam\u00edlia e os amigos.<br \/>Pr\u00e1tico para transportar alimentos para a praia, jardins ou campo.<br \/>\u00c9 um produto totalmente feito \u00e0 m\u00e3o, amigo do ambiente e sustent\u00e1vel!<\/p>\n<p>Com forro no interior, de algod\u00e3o<br \/>Feito \u00e0 m\u00e3o<br \/>Fabricado em Portugal<\/p>\n<p>Dimens\u00f5es:<br \/>C - 45 cm, L - 32 cm, A - 21 cm, A com pega - 34 cm<br \/>C - 17,7 pol., L - 12,6 pol., A - 8,3 pol., A com pega - 13,4 pol.<\/p>\n<p>As dimens\u00f5es podem variar ligeiramente<\/p>","protected":false},"excerpt":{"rendered":"<p>Wicker Picnic Basket &#8211; Oval Blue &#8211; Medium Perfect for a picnic with family and friends.Practical for transporting food to the beach, gardens or countryside.It is an all handmade product, environmentally friendly and sustainable! With lining inside, CottonArtisan MadeMade in Portugal Dimensions:L &#8211; 45 cm, W &#8211; 32 cm, H &#8211; 21 cm, H with [&hellip;]<\/p>","protected":false},"featured_media":54710,"comment_status":"open","ping_status":"open","template":"","meta":{"_acf_changed":false},"product_brand":[],"product_cat":[448],"product_tag":[762,455,309,442,443,445,360,820,336,437,312,440,521],"class_list":{"0":"post-54709","1":"product","2":"type-product","3":"status-publish","4":"has-post-thumbnail","6":"product_cat-picnic","7":"product_tag-boho-basket","8":"product_tag-flower-girl-basket","9":"product_tag-fruit-basket","10":"product_tag-garden-basket","11":"product_tag-gathering-basket","12":"product_tag-gift-basket","13":"product_tag-market-basket","14":"product_tag-oval-basket","15":"product_tag-picnic-basket","16":"product_tag-picnic-basket-set","17":"product_tag-storage-basket","18":"product_tag-vintage-picnic","19":"product_tag-wicker-picnic-basket","20":"product_shipping_class-small-package","22":"first","23":"instock","24":"taxable","25":"shipping-taxable","26":"purchasable","27":"product-type-simple"},"acf":[],"gallery_images":[54711,54712,54713,54714,54715],"_links":{"self":[{"href":"https:\/\/www.padaworks.com\/pt\/wp-json\/wp\/v2\/product\/54709","targetHints":{"allow":["GET"]}}],"collection":[{"href":"https:\/\/www.padaworks.com\/pt\/wp-json\/wp\/v2\/product"}],"about":[{"href":"https:\/\/www.padaworks.com\/pt\/wp-json\/wp\/v2\/types\/product"}],"replies":[{"embeddable":true,"href":"https:\/\/www.padaworks.com\/pt\/wp-json\/wp\/v2\/comments?post=54709"}],"wp:featuredmedia":[{"embeddable":true,"href":"https:\/\/www.padaworks.com\/pt\/wp-json\/wp\/v2\/media\/54710"}],"wp:attachment":[{"href":"https:\/\/www.padaworks.com\/pt\/wp-json\/wp\/v2\/media?parent=54709"}],"wp:term":[{"taxonomy":"product_brand","embeddable":true,"href":"https:\/\/www.padaworks.com\/pt\/wp-json\/wp\/v2\/product_brand?post=54709"},{"taxonomy":"product_cat","embeddable":true,"href":"https:\/\/www.padaworks.com\/pt\/wp-json\/wp\/v2\/product_cat?post=54709"},{"taxonomy":"product_tag","embeddable":true,"href":"https:\/\/www.padaworks.com\/pt\/wp-json\/wp\/v2\/product_tag?post=54709"}],"curies":[{"name":"wp","href":"https:\/\/api.w.org\/{rel}","templated":true}]}}