{"id":54626,"date":"2022-06-14T09:23:02","date_gmt":"2022-06-14T09:23:02","guid":{"rendered":"https:\/\/www.padaworks.com\/product\/mini-wicker-bag\/"},"modified":"2026-03-22T14:33:01","modified_gmt":"2026-03-22T14:33:01","slug":"mini-saco-de-vime","status":"publish","type":"product","link":"https:\/\/www.padaworks.com\/pt\/product\/mini-saco-de-vime\/","title":{"rendered":"Mini saco de vime"},"content":{"rendered":"<p>Mini saco de vime<\/p>\n<p>Mini saco de vime cuidadosamente fabricado \u00e0 m\u00e3o em vime, um produto natural, sustent\u00e1vel e vegan.<br \/>Ideal para transportar apenas o essencial. Perfeita para um look de casamento, viagens \u00e0 praia ou escapadelas de fim de semana.<\/p>\n<p>Feito \u00e0 m\u00e3o<br \/>Fabricado em Portugal<\/p>\n<p>Dimens\u00f5es:<br \/>C - 21 cm, L - 9 cm, A - 17 cm, A com pega - 22 cm<br \/>C - 8,3 pol., L - 3,5 pol., A - 6,7 pol., A com pega - 8,7 pol.<\/p>\n<p>As dimens\u00f5es podem variar ligeiramente.<\/p>","protected":false},"excerpt":{"rendered":"<p>Mini Wicker Bag Mini wicker bag carefully handcrafted from wicker, a natural, sustainable, and vegan product.Ideal for carrying just the essentials. Perfect for a wedding look, beach trips, or weekend getaways. Artisan MadeMade in Portugal Dimensions:L &#8211; 21 cm, W &#8211; 9 cm, H &#8211; 17 cm, H with handle &#8211; 22 cmL &#8211; 8,3 [&hellip;]<\/p>","protected":false},"featured_media":54627,"comment_status":"open","ping_status":"closed","template":"","meta":{"_acf_changed":false},"product_brand":[],"product_cat":[2738],"product_tag":[302,823,825,455,822,827,346,347,828,829,830,824,826],"class_list":{"0":"post-54626","1":"product","2":"type-product","3":"status-publish","4":"has-post-thumbnail","6":"product_cat-wicker-bags","7":"product_tag-basket-bag","8":"product_tag-bohemian-bag","9":"product_tag-boho-chic-bag","10":"product_tag-flower-girl-basket","11":"product_tag-natural-straw-bag","12":"product_tag-round-bag","13":"product_tag-straw-handbag","14":"product_tag-straw-purse","15":"product_tag-vintage-bag","16":"product_tag-wicker-basket-purse","17":"product_tag-wicker-clutch","18":"product_tag-woman-bag","19":"product_tag-woven-straw-bag","20":"product_shipping_class-small-package","22":"first","23":"instock","24":"sale","25":"taxable","26":"shipping-taxable","27":"purchasable","28":"product-type-simple"},"acf":[],"gallery_images":[54628,54629,54630],"_links":{"self":[{"href":"https:\/\/www.padaworks.com\/pt\/wp-json\/wp\/v2\/product\/54626","targetHints":{"allow":["GET"]}}],"collection":[{"href":"https:\/\/www.padaworks.com\/pt\/wp-json\/wp\/v2\/product"}],"about":[{"href":"https:\/\/www.padaworks.com\/pt\/wp-json\/wp\/v2\/types\/product"}],"replies":[{"embeddable":true,"href":"https:\/\/www.padaworks.com\/pt\/wp-json\/wp\/v2\/comments?post=54626"}],"wp:featuredmedia":[{"embeddable":true,"href":"https:\/\/www.padaworks.com\/pt\/wp-json\/wp\/v2\/media\/54627"}],"wp:attachment":[{"href":"https:\/\/www.padaworks.com\/pt\/wp-json\/wp\/v2\/media?parent=54626"}],"wp:term":[{"taxonomy":"product_brand","embeddable":true,"href":"https:\/\/www.padaworks.com\/pt\/wp-json\/wp\/v2\/product_brand?post=54626"},{"taxonomy":"product_cat","embeddable":true,"href":"https:\/\/www.padaworks.com\/pt\/wp-json\/wp\/v2\/product_cat?post=54626"},{"taxonomy":"product_tag","embeddable":true,"href":"https:\/\/www.padaworks.com\/pt\/wp-json\/wp\/v2\/product_tag?post=54626"}],"curies":[{"name":"wp","href":"https:\/\/api.w.org\/{rel}","templated":true}]}}