{"id":54600,"date":"2022-06-14T09:21:16","date_gmt":"2022-06-14T09:21:16","guid":{"rendered":"https:\/\/www.padaworks.com\/product\/small-red-wine-rug-50x100cm-knotted-rug\/"},"modified":"2026-03-13T18:46:32","modified_gmt":"2026-03-13T18:46:32","slug":"pequeno-tapete-vinho-tinto-50x100cm-tapete-com-no","status":"publish","type":"product","link":"https:\/\/www.padaworks.com\/pt\/product\/pequeno-tapete-vinho-tinto-50x100cm-tapete-com-no\/","title":{"rendered":"Tapete vinho tinto pequeno - 50x100cm - Tapete atado"},"content":{"rendered":"<p>Tapete pequeno de vinho tinto<\/p>\n<p>Este tapete \u00e9 tecido num tear manual com tecidos reutilizados.<br \/>\nEstes tapetes s\u00e3o robustos, leves e podem ser lavados regularmente \u00e0 m\u00e3o ou \u00e0 m\u00e1quina.<br \/>\n\u00c9 ecol\u00f3gico porque reutiliza a mat\u00e9ria-prima desperdi\u00e7ada pela ind\u00fastria t\u00eaxtil.<br \/>\nRecomendamos a lavagem a frio ou a 30\u00b0C.<br \/>\nUma vez que este tapete \u00e9 fabricado com produtos reciclados das ind\u00fastrias t\u00eaxteis, pode haver ligeiras varia\u00e7\u00f5es de cor.<\/p>\n<p>Feito \u00e0 m\u00e3o<br \/>\nFabricado em Portugal<\/p>\n<p>Dimens\u00f5es:<br \/>\nC \u2013 100 cm, L \u2013 50 cm<br \/>\nC \u2013 39,4 pol., L \u2013 19,7 pol.<br \/>\nC \u2013 1 m, L \u2013 0,5 m<br \/>\nEspessura \u2013 cerca de 0,5 cm; 0,2 pol.<\/p>\n<p>As dimens\u00f5es podem variar ligeiramente.<\/p>","protected":false},"excerpt":{"rendered":"<p>Small Red Wine Rug This rug is woven in a manual loom with fabrics reused. These rugs are robust, light, and can be regularly washed by hand or machine. It is ecological because they reuse raw material wasted by the textil industry. We recommend cold washing or to 30\u00b0C. Since this rug is made with [&hellip;]<\/p>","protected":false},"featured_media":101861,"comment_status":"open","ping_status":"closed","template":"","meta":{"_acf_changed":false},"product_brand":[],"product_cat":[2731],"product_tag":[589,421,465,293,588,619,573,466,480,818,482,574,623],"class_list":{"0":"post-54600","1":"product","2":"type-product","3":"status-publish","4":"has-post-thumbnail","6":"product_cat-knotted","7":"product_tag-bath-rug","8":"product_tag-bathroom-rug","9":"product_tag-bedroom-rug","10":"product_tag-cotton-rug","11":"product_tag-door-mat","12":"product_tag-entry-rug","13":"product_tag-housewarming-gift","14":"product_tag-kitchen-mat","15":"product_tag-rag-rug","16":"product_tag-red-rug","17":"product_tag-rugs-for-bedroom","18":"product_tag-runner-rug","19":"product_tag-vintage-rug","20":"product_shipping_class-small-package","22":"first","23":"instock","24":"taxable","25":"shipping-taxable","26":"purchasable","27":"product-type-simple"},"acf":[],"gallery_images":[101862,101863,101864,101865],"_links":{"self":[{"href":"https:\/\/www.padaworks.com\/pt\/wp-json\/wp\/v2\/product\/54600","targetHints":{"allow":["GET"]}}],"collection":[{"href":"https:\/\/www.padaworks.com\/pt\/wp-json\/wp\/v2\/product"}],"about":[{"href":"https:\/\/www.padaworks.com\/pt\/wp-json\/wp\/v2\/types\/product"}],"replies":[{"embeddable":true,"href":"https:\/\/www.padaworks.com\/pt\/wp-json\/wp\/v2\/comments?post=54600"}],"wp:featuredmedia":[{"embeddable":true,"href":"https:\/\/www.padaworks.com\/pt\/wp-json\/wp\/v2\/media\/101861"}],"wp:attachment":[{"href":"https:\/\/www.padaworks.com\/pt\/wp-json\/wp\/v2\/media?parent=54600"}],"wp:term":[{"taxonomy":"product_brand","embeddable":true,"href":"https:\/\/www.padaworks.com\/pt\/wp-json\/wp\/v2\/product_brand?post=54600"},{"taxonomy":"product_cat","embeddable":true,"href":"https:\/\/www.padaworks.com\/pt\/wp-json\/wp\/v2\/product_cat?post=54600"},{"taxonomy":"product_tag","embeddable":true,"href":"https:\/\/www.padaworks.com\/pt\/wp-json\/wp\/v2\/product_tag?post=54600"}],"curies":[{"name":"wp","href":"https:\/\/api.w.org\/{rel}","templated":true}]}}