{"id":54523,"date":"2022-06-14T09:17:09","date_gmt":"2022-06-14T09:17:09","guid":{"rendered":"https:\/\/www.padaworks.com\/product\/reed-shoulder-bag-with-leather-handles\/"},"modified":"2025-12-17T12:36:43","modified_gmt":"2025-12-17T12:36:43","slug":"mala-a-tiracolo-em-junco-com-pegas-em-pele","status":"publish","type":"product","link":"https:\/\/www.padaworks.com\/pt\/product\/mala-a-tiracolo-em-junco-com-pegas-em-pele\/","title":{"rendered":"Mala de ombro em cana com al\u00e7as em couro"},"content":{"rendered":"<p>Bolsa de ombro de palha com al\u00e7as de couro<\/p>\n<p>Fabricado em junco natural com uma pega em couro. No interior, h\u00e1 um tecido para fechar o saco do cesto. Dispon\u00edvel em tr\u00eas tamanhos.<\/p>\n<p>Dimens\u00f5es:<br \/>\nTAMANHO PEQUENO<br \/>\nC - 31 cm, L - 14 cm, A - 23 cm, A com pega - 58 cm<br \/>\nC - 12,2 pol., L - 5,5 pol., A - 9,1 pol., A com pega - 22,8 pol.<\/p>\n<p>TAMANHO M\u00c9DIO<br \/>\nC - 38 cm, L - 17 cm, A - 27 cm, A com pega - 61 cm<br \/>\nC - 15,0 pol., L - 6,7 pol., A - 10,6 pol., A com pega - 24,0 pol.<\/p>\n<p>TAMANHO GRANDE<br \/>\nC - 44 cm, L - 18 cm, A - 30 cm, A com pega - 67 cm<br \/>\nC - 17,3 pol., L - 7,1 pol., A - 11,8 pol., A com pega - 26,4 pol.<\/p>\n<p>As dimens\u00f5es podem variar ligeiramente<\/p>","protected":false},"excerpt":{"rendered":"<p>Straw Shoulder Bag with Leather Handles Made of natural reed with a leather handle. Inside, there&#8217;s fabric for closing the basket bag. Available in three sizes. Dimensions: SMALL SIZE L &#8211; 31 cm, W &#8211; 14 cm, H &#8211; 23 cm, H with handle &#8211; 58 cm L &#8211; 12,2 in, W &#8211; 5,5 in, [&hellip;]<\/p>","protected":false},"featured_media":54524,"comment_status":"open","ping_status":"closed","template":"","meta":{"_acf_changed":false},"product_brand":[],"product_cat":[2736],"product_tag":[302,363,358,359,760,599,307,759,389,344,355,303,384],"class_list":{"0":"post-54523","1":"product","2":"type-product","3":"status-publish","4":"has-post-thumbnail","6":"product_cat-reed-bags","7":"product_tag-basket-bag","8":"product_tag-beach-bag","9":"product_tag-french-basket","10":"product_tag-grocery-bag","11":"product_tag-handbags-womens","12":"product_tag-handmade-bag","13":"product_tag-market-bag","14":"product_tag-shopping-bag","15":"product_tag-shoulder-bag","16":"product_tag-straw-bag","17":"product_tag-straw-market-bag","18":"product_tag-summer-bag","19":"product_tag-tote-bag","20":"product_shipping_class-small-package","22":"first","23":"instock","24":"taxable","25":"shipping-taxable","26":"purchasable","27":"product-type-variable","28":"has-default-attributes","29":"wvs-archive-product-wrapper"},"acf":[],"gallery_images":[54525,54526,54527,54528,54529],"_links":{"self":[{"href":"https:\/\/www.padaworks.com\/pt\/wp-json\/wp\/v2\/product\/54523","targetHints":{"allow":["GET"]}}],"collection":[{"href":"https:\/\/www.padaworks.com\/pt\/wp-json\/wp\/v2\/product"}],"about":[{"href":"https:\/\/www.padaworks.com\/pt\/wp-json\/wp\/v2\/types\/product"}],"replies":[{"embeddable":true,"href":"https:\/\/www.padaworks.com\/pt\/wp-json\/wp\/v2\/comments?post=54523"}],"wp:featuredmedia":[{"embeddable":true,"href":"https:\/\/www.padaworks.com\/pt\/wp-json\/wp\/v2\/media\/54524"}],"wp:attachment":[{"href":"https:\/\/www.padaworks.com\/pt\/wp-json\/wp\/v2\/media?parent=54523"}],"wp:term":[{"taxonomy":"product_brand","embeddable":true,"href":"https:\/\/www.padaworks.com\/pt\/wp-json\/wp\/v2\/product_brand?post=54523"},{"taxonomy":"product_cat","embeddable":true,"href":"https:\/\/www.padaworks.com\/pt\/wp-json\/wp\/v2\/product_cat?post=54523"},{"taxonomy":"product_tag","embeddable":true,"href":"https:\/\/www.padaworks.com\/pt\/wp-json\/wp\/v2\/product_tag?post=54523"}],"curies":[{"name":"wp","href":"https:\/\/api.w.org\/{rel}","templated":true}]}}