{"id":54470,"date":"2022-06-14T09:14:41","date_gmt":"2022-06-14T09:14:41","guid":{"rendered":"https:\/\/www.padaworks.com\/product\/medium-beige-rug-cotton-rug-bedside-rug-bathroom-rug-recycled-cotton-rug-organic-rug-nursery-rug-geometric-rug-bedroom-rug\/"},"modified":"2026-02-12T14:33:43","modified_gmt":"2026-02-12T14:33:43","slug":"tapete-bege-medio-tapete-de-algodao-tapete-de-cabeceira-tapete-de-casa-de-banho-tapete-de-algodao-reciclado-tapete-organico-tapete-para-quarto-de-crianca-tapete-geometrico-tapete-para-quarto","status":"publish","type":"product","link":"https:\/\/www.padaworks.com\/pt\/product\/tapete-bege-medio-tapete-de-algodao-tapete-de-cabeceira-tapete-de-casa-de-banho-tapete-de-algodao-reciclado-tapete-organico-tapete-para-quarto-de-crianca-tapete-geometrico-tapete-para-quarto\/","title":{"rendered":"Tapete Bege M\u00e9dio - 70x140cm - Tapete Nodoso"},"content":{"rendered":"<p>Tapete bege m\u00e9dio<\/p>\n<p>Este tapete \u00e9 tecido num tear manual com tecidos reutilizados de f\u00e1bricas t\u00eaxteis.<br \/>Estes tapetes s\u00e3o robustos, mas muito leves, e podem ser lavados regularmente \u00e0 m\u00e3o ou \u00e0 m\u00e1quina.<br \/>Para al\u00e9m de serem ecol\u00f3gicos, pois reutilizam mat\u00e9ria-prima desperdi\u00e7ada pela ind\u00fastria, s\u00e3o muito mais saud\u00e1veis do que os tapetes de fibras sint\u00e9ticas. S\u00e3o recomendados para beb\u00e9s e crian\u00e7as e para pessoas com alergias.<br \/>Recomendamos a lavagem a frio ou a 30\u00b0C.<br \/>Acabamento com costura b\u00e1sica.<\/p>\n<p>Feito \u00e0 m\u00e3o<br \/>Fabricado em Portugal<\/p>\n<p>Dimens\u00f5es:<br \/>C - 140 cm, L - 70 cm<br \/>C - 55,1 pol., L - 27,6 pol.<br \/>C - 4,6 p\u00e9s, L - 2,30 p\u00e9s<\/p>\n<p>As dimens\u00f5es podem variar ligeiramente.<\/p>","protected":false},"excerpt":{"rendered":"<p>Medium Beige Rug This rug is woven in a manual loom with fabrics reused from textile factories.These rugs are robust, yet very light, and can be regularly washed by hand or machine.In addition to being ecological, as they reuse raw material wasted by the industry, they are much healthier than synthetic fiber rugs. They are [&hellip;]<\/p>","protected":false},"featured_media":54471,"comment_status":"open","ping_status":"closed","template":"","meta":{"_acf_changed":false},"product_brand":[],"product_cat":[2731,2719],"product_tag":[731,589,727,732,648,596,420,475,575,581,482,515,595],"class_list":{"0":"post-54470","1":"product","2":"type-product","3":"status-publish","4":"has-post-thumbnail","6":"product_cat-knotted","7":"product_cat-special-offers","8":"product_tag-2x5-rug","9":"product_tag-bath-rug","10":"product_tag-beige-rug","11":"product_tag-berber-rug","12":"product_tag-carpet-rug","13":"product_tag-hallway-rug","14":"product_tag-handmade-rug","15":"product_tag-handwoven-rug","16":"product_tag-kitchen-rug","17":"product_tag-living-room-rug","18":"product_tag-rugs-for-bedroom","19":"product_tag-rugs-for-living-room","20":"product_tag-washable-rug","21":"product_shipping_class-small-package","23":"first","24":"instock","25":"sale","26":"taxable","27":"shipping-taxable","28":"purchasable","29":"product-type-simple"},"acf":[],"gallery_images":[54472,54473,54474,54475,54476,54477,54478,54479],"_links":{"self":[{"href":"https:\/\/www.padaworks.com\/pt\/wp-json\/wp\/v2\/product\/54470","targetHints":{"allow":["GET"]}}],"collection":[{"href":"https:\/\/www.padaworks.com\/pt\/wp-json\/wp\/v2\/product"}],"about":[{"href":"https:\/\/www.padaworks.com\/pt\/wp-json\/wp\/v2\/types\/product"}],"replies":[{"embeddable":true,"href":"https:\/\/www.padaworks.com\/pt\/wp-json\/wp\/v2\/comments?post=54470"}],"wp:featuredmedia":[{"embeddable":true,"href":"https:\/\/www.padaworks.com\/pt\/wp-json\/wp\/v2\/media\/54471"}],"wp:attachment":[{"href":"https:\/\/www.padaworks.com\/pt\/wp-json\/wp\/v2\/media?parent=54470"}],"wp:term":[{"taxonomy":"product_brand","embeddable":true,"href":"https:\/\/www.padaworks.com\/pt\/wp-json\/wp\/v2\/product_brand?post=54470"},{"taxonomy":"product_cat","embeddable":true,"href":"https:\/\/www.padaworks.com\/pt\/wp-json\/wp\/v2\/product_cat?post=54470"},{"taxonomy":"product_tag","embeddable":true,"href":"https:\/\/www.padaworks.com\/pt\/wp-json\/wp\/v2\/product_tag?post=54470"}],"curies":[{"name":"wp","href":"https:\/\/api.w.org\/{rel}","templated":true}]}}