{"id":54445,"date":"2022-06-14T09:12:29","date_gmt":"2022-06-14T09:12:29","guid":{"rendered":"https:\/\/www.padaworks.com\/product\/super-large-curved-bird-cage-brown\/"},"modified":"2026-04-24T12:12:32","modified_gmt":"2026-04-24T12:12:32","slug":"gaiola-para-passaros-supergrande-curva-castanha","status":"publish","type":"product","link":"https:\/\/www.padaworks.com\/pt\/product\/gaiola-para-passaros-supergrande-curva-castanha\/","title":{"rendered":"Gaiola curva super grande para p\u00e1ssaros - Castanha"},"content":{"rendered":"<p>Gaiola para p\u00e1ssaros supergrande curva castanha<\/p>\n<p>Ofere\u00e7a ao seu ador\u00e1vel p\u00e1ssaro uma gaiola nova e grande, com um design atraente que pode facilmente acrescentar \u00e0 decora\u00e7\u00e3o da sua casa.<br \/>Esta gaiola \u00e9 toda feita \u00e0 m\u00e3o com madeira reutilizada.<br \/>Esta madeira \u00e9 recolhida nos centros de res\u00edduos e transformada nesta bela gaiola.<\/p>\n<p>Carater\u00edsticas da gaiola:<br \/>- Uma porta da frente com mola e uma fechadura<br \/>- Dois comedouros de pl\u00e1stico, um de cada lado<br \/>- Uma gaveta de res\u00edduos com uma fechadura para facilitar a limpeza do ch\u00e3o da gaiola<br \/>- Um anel no topo da gaiola para pendurar<\/p>\n<p>Feito \u00e0 m\u00e3o<br \/>Fabricado em Portugal<\/p>\n<p>Dimens\u00f5es totais:<br \/>C \u2013 67 cm, L \u2013 39 cm, A \u2013 59 cm<br \/>C \u2013 67 cm, L \u2013 39 cm, A \u2013 59 cm<\/p>\n<p>Dimens\u00f5es do espa\u00e7o \u00fatil:<br \/>C \u2013 57 cm, L \u2013 35 cm, A \u2013 57 cm<br \/>L \u2013 57 cm, L \u2013 35 cm, A \u2013 57 cm<\/p>\n<p>Espa\u00e7amento entre fios - 1,1 cm; 0,4 in<\/p>\n<p>Este produto \u00e9 cuidadosamente embalado para garantir que chega em boas condi\u00e7\u00f5es \u00e0 sua casa.<br \/>As dimens\u00f5es podem variar ligeiramente.<\/p>","protected":false},"excerpt":{"rendered":"<p>Super Large Curved Bird Cage Brown Give to your lovely bird a new and large cage, with one attractive designe that you can easily add in you home decor.This cage is all handmade with reused wood.This wood is collected from waste centers and transformed into this beautiful cage. Features of the cage:&#8211; One front door [&hellip;]<\/p>","protected":false},"featured_media":54446,"comment_status":"open","ping_status":"closed","template":"","meta":{"_acf_changed":false},"product_brand":[],"product_cat":[509,132],"product_tag":[570,567,497,723,561,721,563,722,568,566,499,569],"class_list":{"0":"post-54445","1":"product","2":"type-product","3":"status-publish","4":"has-post-thumbnail","6":"product_cat-pet-supplies","7":"product_cat-bird-cages","8":"product_tag-antique-bird-cage","9":"product_tag-aviary-cage","10":"product_tag-bird-cage","11":"product_tag-bird-gift","12":"product_tag-birds-cage","13":"product_tag-father-day-gift","14":"product_tag-large-bird-cage","15":"product_tag-large-wooden-cage","16":"product_tag-parrot-cage","17":"product_tag-round-bird-cage","18":"product_tag-wooden-bird-cage","19":"product_tag-wooden-bird-cages","20":"product_shipping_class-large-package","22":"first","23":"instock","24":"sale","25":"taxable","26":"shipping-taxable","27":"purchasable","28":"product-type-simple"},"acf":[],"gallery_images":[54447,54448,54449,54450,54451],"_links":{"self":[{"href":"https:\/\/www.padaworks.com\/pt\/wp-json\/wp\/v2\/product\/54445","targetHints":{"allow":["GET"]}}],"collection":[{"href":"https:\/\/www.padaworks.com\/pt\/wp-json\/wp\/v2\/product"}],"about":[{"href":"https:\/\/www.padaworks.com\/pt\/wp-json\/wp\/v2\/types\/product"}],"replies":[{"embeddable":true,"href":"https:\/\/www.padaworks.com\/pt\/wp-json\/wp\/v2\/comments?post=54445"}],"wp:featuredmedia":[{"embeddable":true,"href":"https:\/\/www.padaworks.com\/pt\/wp-json\/wp\/v2\/media\/54446"}],"wp:attachment":[{"href":"https:\/\/www.padaworks.com\/pt\/wp-json\/wp\/v2\/media?parent=54445"}],"wp:term":[{"taxonomy":"product_brand","embeddable":true,"href":"https:\/\/www.padaworks.com\/pt\/wp-json\/wp\/v2\/product_brand?post=54445"},{"taxonomy":"product_cat","embeddable":true,"href":"https:\/\/www.padaworks.com\/pt\/wp-json\/wp\/v2\/product_cat?post=54445"},{"taxonomy":"product_tag","embeddable":true,"href":"https:\/\/www.padaworks.com\/pt\/wp-json\/wp\/v2\/product_tag?post=54445"}],"curies":[{"name":"wp","href":"https:\/\/api.w.org\/{rel}","templated":true}]}}