{"id":54431,"date":"2022-06-14T09:11:14","date_gmt":"2022-06-14T09:11:14","guid":{"rendered":"https:\/\/www.padaworks.com\/product\/set-of-2-straw-place-mat-party-placemat-place-mat-for-outdoor-new-home-gift-housewarming-gifts-rustic-home-decor\/"},"modified":"2025-12-17T17:49:55","modified_gmt":"2025-12-17T17:49:55","slug":"conjunto-de-2-individuais-de-palha-para-festas-individuais-para-exterior-presente-para-casa-nova-presentes-para-inauguracao-de-casa-decoracao-rustica-para-casa","status":"publish","type":"product","link":"https:\/\/www.padaworks.com\/pt\/product\/conjunto-de-2-individuais-de-palha-para-festas-individuais-para-exterior-presente-para-casa-nova-presentes-para-inauguracao-de-casa-decoracao-rustica-para-casa\/","title":{"rendered":"Conjunto de 2 marcadores de lugar em palha"},"content":{"rendered":"<p>Conjunto de 2 marcadores de lugar em palha<\/p>\n<p>Feito \u00e0 m\u00e3o<br \/>Fabricado em Portugal<\/p>\n<p>Tamanho:<br \/>Di\u00e2metro - 41 cm (16,14 pol.)<\/p>\n<p>O pre\u00e7o \u00e9 para um conjunto de 2 pe\u00e7as.<\/p>","protected":false},"excerpt":{"rendered":"<p>Conjunto de 2 individuais de mesa em palha Feito artesanalmente em Portugal Tamanho: Di\u00e2metro - 41 cm (16,14 pol.) O pre\u00e7o \u00e9 para o conjunto de 2 pe\u00e7as<\/p>","protected":false},"featured_media":54432,"comment_status":"open","ping_status":"closed","template":"","meta":{"_acf_changed":false},"product_brand":[],"product_cat":[2721],"product_tag":[713,707,703,712,708,702,705,709,706,704,710,701,711],"class_list":{"0":"post-54431","1":"product","2":"type-product","3":"status-publish","4":"has-post-thumbnail","6":"product_cat-decorative","7":"product_tag-coiled-placemats","8":"product_tag-desk-mat","9":"product_tag-farmhouse-gift","10":"product_tag-modern-placemats","11":"product_tag-natural-place-mat","12":"product_tag-round-placemats","13":"product_tag-straw-place-mat","14":"product_tag-straw-placemat","15":"product_tag-table-mats","16":"product_tag-table-runner","17":"product_tag-vintage-placemats","18":"product_tag-wedding-placemats","19":"product_tag-woven-placemat","20":"product_shipping_class-small-package","22":"first","23":"instock","24":"sale","25":"taxable","26":"shipping-taxable","27":"purchasable","28":"product-type-simple"},"acf":[],"gallery_images":[54433,54434],"_links":{"self":[{"href":"https:\/\/www.padaworks.com\/pt\/wp-json\/wp\/v2\/product\/54431","targetHints":{"allow":["GET"]}}],"collection":[{"href":"https:\/\/www.padaworks.com\/pt\/wp-json\/wp\/v2\/product"}],"about":[{"href":"https:\/\/www.padaworks.com\/pt\/wp-json\/wp\/v2\/types\/product"}],"replies":[{"embeddable":true,"href":"https:\/\/www.padaworks.com\/pt\/wp-json\/wp\/v2\/comments?post=54431"}],"wp:featuredmedia":[{"embeddable":true,"href":"https:\/\/www.padaworks.com\/pt\/wp-json\/wp\/v2\/media\/54432"}],"wp:attachment":[{"href":"https:\/\/www.padaworks.com\/pt\/wp-json\/wp\/v2\/media?parent=54431"}],"wp:term":[{"taxonomy":"product_brand","embeddable":true,"href":"https:\/\/www.padaworks.com\/pt\/wp-json\/wp\/v2\/product_brand?post=54431"},{"taxonomy":"product_cat","embeddable":true,"href":"https:\/\/www.padaworks.com\/pt\/wp-json\/wp\/v2\/product_cat?post=54431"},{"taxonomy":"product_tag","embeddable":true,"href":"https:\/\/www.padaworks.com\/pt\/wp-json\/wp\/v2\/product_tag?post=54431"}],"curies":[{"name":"wp","href":"https:\/\/api.w.org\/{rel}","templated":true}]}}