{"id":54375,"date":"2022-06-14T09:08:14","date_gmt":"2022-06-14T09:08:14","guid":{"rendered":"https:\/\/www.padaworks.com\/product\/wicker-magazine-holder-newspaper-rack-magazine-rack-storage-basket-book-basket-boho-decor-rustic-home-decor-farmhouse-living-room\/"},"modified":"2026-03-08T18:32:42","modified_gmt":"2026-03-08T18:32:42","slug":"porta-revistas-rustico-em-vime","status":"publish","type":"product","link":"https:\/\/www.padaworks.com\/pt\/product\/porta-revistas-rustico-em-vime\/","title":{"rendered":"Porta-revistas de vime r\u00fastico"},"content":{"rendered":"<p>Porta-revistas de vime<\/p>\n<p>Este porta-revistas \u00e9 totalmente feito \u00e0 m\u00e3o, com um design vintage que pode facilmente adicionar \u00e0 decora\u00e7\u00e3o da sua casa.<br \/>\nTem duas divis\u00f5es onde pode colocar os seus jornais e revistas.<\/p>\n<p>Dimens\u00f5es:<br \/>\nC - 38 cm, L - 36 cm, A - 42 cm<br \/>\nC - 14,9 pol., L - 14,2 pol., A - 16,5 pol.<\/p>\n<p>As dimens\u00f5es podem variar ligeiramente.<\/p>","protected":false},"excerpt":{"rendered":"<p>Wicker Magazine Holder This magazine holder is full handmade, with one vintage design that you can easily add in your home decor. It has two divisions where you can put your newspapers and magazines. Dimensions: L \u2013 38 cm, W \u2013 36 cm, H \u2013 42 cm L \u2013 14,9 in, W \u2013 14,2 in, [&hellip;]<\/p>","protected":false},"featured_media":54376,"comment_status":"open","ping_status":"closed","template":"","meta":{"_acf_changed":false},"product_brand":[],"product_cat":[2721],"product_tag":[674,321,676,677,672,315,675,673,671,678,679,572,316],"class_list":{"0":"post-54375","1":"product","2":"type-product","3":"status-publish","4":"has-post-thumbnail","6":"product_cat-decorative","7":"product_tag-book-holder","8":"product_tag-book-rack","9":"product_tag-farmhouse-basket","10":"product_tag-living-room-decor","11":"product_tag-magazine-basket","12":"product_tag-magazine-holder","13":"product_tag-magazine-storage","14":"product_tag-newspaper-basket","15":"product_tag-newspaper-holder","16":"product_tag-office-decor","17":"product_tag-vintage-basket","18":"product_tag-vintage-decor","19":"product_tag-wicker-rack","20":"product_shipping_class-small-package","22":"first","23":"instock","24":"taxable","25":"shipping-taxable","26":"purchasable","27":"product-type-simple"},"acf":[],"gallery_images":[54377,54378,54379,54380],"_links":{"self":[{"href":"https:\/\/www.padaworks.com\/pt\/wp-json\/wp\/v2\/product\/54375","targetHints":{"allow":["GET"]}}],"collection":[{"href":"https:\/\/www.padaworks.com\/pt\/wp-json\/wp\/v2\/product"}],"about":[{"href":"https:\/\/www.padaworks.com\/pt\/wp-json\/wp\/v2\/types\/product"}],"replies":[{"embeddable":true,"href":"https:\/\/www.padaworks.com\/pt\/wp-json\/wp\/v2\/comments?post=54375"}],"wp:featuredmedia":[{"embeddable":true,"href":"https:\/\/www.padaworks.com\/pt\/wp-json\/wp\/v2\/media\/54376"}],"wp:attachment":[{"href":"https:\/\/www.padaworks.com\/pt\/wp-json\/wp\/v2\/media?parent=54375"}],"wp:term":[{"taxonomy":"product_brand","embeddable":true,"href":"https:\/\/www.padaworks.com\/pt\/wp-json\/wp\/v2\/product_brand?post=54375"},{"taxonomy":"product_cat","embeddable":true,"href":"https:\/\/www.padaworks.com\/pt\/wp-json\/wp\/v2\/product_cat?post=54375"},{"taxonomy":"product_tag","embeddable":true,"href":"https:\/\/www.padaworks.com\/pt\/wp-json\/wp\/v2\/product_tag?post=54375"}],"curies":[{"name":"wp","href":"https:\/\/api.w.org\/{rel}","templated":true}]}}