{"id":54334,"date":"1970-01-01T00:00:00","date_gmt":"1970-01-01T00:00:00","guid":{"rendered":"https:\/\/www.padaworks.com\/product\/color-wicker-picnic-basket-rectangular-cream-large\/"},"modified":"2026-03-06T10:06:46","modified_gmt":"2026-03-06T10:06:46","slug":"cesto-de-piquenique-de-vime-colorido-retangular-creme-grande","status":"publish","type":"product","link":"https:\/\/www.padaworks.com\/pt\/product\/cesto-de-piquenique-de-vime-colorido-retangular-creme-grande\/","title":{"rendered":"Cesto de piquenique em vime Color - Retangular Creme - Grande"},"content":{"rendered":"<p>Cesto de piquenique em vime colorido<\/p>\n<p>Perfeito para um piquenique com a fam\u00edlia e os amigos.<br \/>Pr\u00e1tico para transportar alimentos para a praia, jardins ou campo.<br \/>\u00c9 um produto totalmente feito \u00e0 m\u00e3o, amigo do ambiente e sustent\u00e1vel!<\/p>\n<p>Com forro no interior, 100% Algod\u00e3o<br \/>Feito \u00e0 m\u00e3o<br \/>Fabricado em Portugal<\/p>\n<p>Dimens\u00f5es:<br \/>C - 47 cm, L - 36 cm, A - 26 cm, A com pega - 40 cm<br \/>C - 18,5 pol., L - 14,2 pol., A - 10,2 pol., A com pega - 15,7 pol.<\/p>\n<p>As dimens\u00f5es podem variar ligeiramente<\/p>","protected":false},"excerpt":{"rendered":"<p>Color Wicker Picnic Basket Perfect for a picnic with family and friends.Practical for transporting food to the beach, gardens or countryside.It is an all handmade product, environmentally friendly and sustainable! With lining inside, 100% CottonArtisan MadeMade in Portugal Dimensions:L &#8211; 47 cm, W &#8211; 36 cm, H &#8211; 26 cm, H with handle &#8211; 40 [&hellip;]<\/p>","protected":false},"featured_media":54335,"comment_status":"open","ping_status":"closed","template":"","meta":{"_acf_changed":false},"product_brand":[],"product_cat":[448],"product_tag":[524,653,652,445,522,336,523,437,520,651,519,440,521],"class_list":{"0":"post-54334","1":"product","2":"type-product","3":"status-publish","4":"has-post-thumbnail","6":"product_cat-picnic","7":"product_tag-basket-with-lid","8":"product_tag-classic-basket","9":"product_tag-cute-picnic-basket","10":"product_tag-gift-basket","11":"product_tag-large-picnic-basket","12":"product_tag-picnic-basket","13":"product_tag-picnic-basket-for-4","14":"product_tag-picnic-basket-set","15":"product_tag-picnic-baskets","16":"product_tag-picnic-set","17":"product_tag-picnic-wicker-basket","18":"product_tag-vintage-picnic","19":"product_tag-wicker-picnic-basket","20":"product_shipping_class-large-package","22":"first","23":"instock","24":"taxable","25":"shipping-taxable","26":"purchasable","27":"product-type-simple"},"acf":[],"gallery_images":[54336,54337,54338,54339,54340,54341,54342,54343],"_links":{"self":[{"href":"https:\/\/www.padaworks.com\/pt\/wp-json\/wp\/v2\/product\/54334","targetHints":{"allow":["GET"]}}],"collection":[{"href":"https:\/\/www.padaworks.com\/pt\/wp-json\/wp\/v2\/product"}],"about":[{"href":"https:\/\/www.padaworks.com\/pt\/wp-json\/wp\/v2\/types\/product"}],"replies":[{"embeddable":true,"href":"https:\/\/www.padaworks.com\/pt\/wp-json\/wp\/v2\/comments?post=54334"}],"wp:featuredmedia":[{"embeddable":true,"href":"https:\/\/www.padaworks.com\/pt\/wp-json\/wp\/v2\/media\/54335"}],"wp:attachment":[{"href":"https:\/\/www.padaworks.com\/pt\/wp-json\/wp\/v2\/media?parent=54334"}],"wp:term":[{"taxonomy":"product_brand","embeddable":true,"href":"https:\/\/www.padaworks.com\/pt\/wp-json\/wp\/v2\/product_brand?post=54334"},{"taxonomy":"product_cat","embeddable":true,"href":"https:\/\/www.padaworks.com\/pt\/wp-json\/wp\/v2\/product_cat?post=54334"},{"taxonomy":"product_tag","embeddable":true,"href":"https:\/\/www.padaworks.com\/pt\/wp-json\/wp\/v2\/product_tag?post=54334"}],"curies":[{"name":"wp","href":"https:\/\/api.w.org\/{rel}","templated":true}]}}