{"id":54185,"date":"2022-06-14T08:58:15","date_gmt":"2022-06-14T08:58:15","guid":{"rendered":"https:\/\/www.padaworks.com\/product\/large-oval-bird-cage-full-handmade\/"},"modified":"2026-04-19T20:25:25","modified_gmt":"2026-04-19T20:25:25","slug":"gaiola-oval-grande-para-passaros-castanha","status":"publish","type":"product","link":"https:\/\/www.padaworks.com\/pt\/product\/gaiola-oval-grande-para-passaros-castanha\/","title":{"rendered":"Gaiola oval grande para p\u00e1ssaros - castanha"},"content":{"rendered":"<p>Gaiola oval grande para p\u00e1ssaros - castanha<\/p>\n<p>Ofere\u00e7a ao seu ador\u00e1vel p\u00e1ssaro uma gaiola nova e grande, com um design atraente que pode facilmente acrescentar \u00e0 decora\u00e7\u00e3o da sua casa.<br \/>\nEsta gaiola \u00e9 toda produzida de forma artesanal, utilizando material de grande qualidade, utilizamos madeira tratada e arame galvanizado.<\/p>\n<p>Carater\u00edsticas da gaiola:<br \/>\n- Uma porta da frente com mola e uma fechadura<br \/>\n- Dois comedouros de pl\u00e1stico, um de cada lado<br \/>\n- Uma gaveta de res\u00edduos com uma fechadura para facilitar a limpeza do ch\u00e3o da gaiola<br \/>\n- Um anel no topo da gaiola para pendurar<\/p>\n<p>Feito \u00e0 m\u00e3o<br \/>\nFabricado em Portugal<\/p>\n<p>Dimens\u00f5es:<br \/>\nC - 55 cm, L - 30 cm, A - 48 cm<br \/>\nC - 21,7 pol., L - 11,8 pol., A - 18,9 pol.<\/p>\n<p>Espa\u00e7amento entre fios - 1,1 cm; 0,4 in<\/p>\n<p>Este produto \u00e9 cuidadosamente embalado para garantir que chega em boas condi\u00e7\u00f5es \u00e0 sua casa.<br \/>\nAs dimens\u00f5es podem variar ligeiramente.<\/p>","protected":false},"excerpt":{"rendered":"<p>Large Oval Bird Cage &#8211; Brown Give to your lovely bird a new and large cage, with one attractive designe that you can easily add in you home decor. This cage is all produce handy, using material with great quality, we use real wood treated and galvanized wire. Features of the cage: &#8211; One front [&hellip;]<\/p>","protected":false},"featured_media":54186,"comment_status":"open","ping_status":"closed","template":"","meta":{"_acf_changed":false},"product_brand":[],"product_cat":[132],"product_tag":[570,567,507,565,561,571,508,568,566,505,572,499,569],"class_list":{"0":"post-54185","1":"product","2":"type-product","3":"status-publish","4":"has-post-thumbnail","6":"product_cat-bird-cages","7":"product_tag-antique-bird-cage","8":"product_tag-aviary-cage","9":"product_tag-bird-cage-decor","10":"product_tag-bird-cage-wood","11":"product_tag-birds-cage","12":"product_tag-decorative-bird-cage","13":"product_tag-gift-for-pet-bird","14":"product_tag-parrot-cage","15":"product_tag-round-bird-cage","16":"product_tag-vintage-bird-cage","17":"product_tag-vintage-decor","18":"product_tag-wooden-bird-cage","19":"product_tag-wooden-bird-cages","20":"product_shipping_class-large-package","22":"first","23":"instock","24":"taxable","25":"shipping-taxable","26":"purchasable","27":"product-type-simple"},"acf":[],"gallery_images":[54187,54188,54189,54190,54191,54192,54193,54194,54195],"_links":{"self":[{"href":"https:\/\/www.padaworks.com\/pt\/wp-json\/wp\/v2\/product\/54185","targetHints":{"allow":["GET"]}}],"collection":[{"href":"https:\/\/www.padaworks.com\/pt\/wp-json\/wp\/v2\/product"}],"about":[{"href":"https:\/\/www.padaworks.com\/pt\/wp-json\/wp\/v2\/types\/product"}],"replies":[{"embeddable":true,"href":"https:\/\/www.padaworks.com\/pt\/wp-json\/wp\/v2\/comments?post=54185"}],"wp:featuredmedia":[{"embeddable":true,"href":"https:\/\/www.padaworks.com\/pt\/wp-json\/wp\/v2\/media\/54186"}],"wp:attachment":[{"href":"https:\/\/www.padaworks.com\/pt\/wp-json\/wp\/v2\/media?parent=54185"}],"wp:term":[{"taxonomy":"product_brand","embeddable":true,"href":"https:\/\/www.padaworks.com\/pt\/wp-json\/wp\/v2\/product_brand?post=54185"},{"taxonomy":"product_cat","embeddable":true,"href":"https:\/\/www.padaworks.com\/pt\/wp-json\/wp\/v2\/product_cat?post=54185"},{"taxonomy":"product_tag","embeddable":true,"href":"https:\/\/www.padaworks.com\/pt\/wp-json\/wp\/v2\/product_tag?post=54185"}],"curies":[{"name":"wp","href":"https:\/\/api.w.org\/{rel}","templated":true}]}}