{"id":54167,"date":"2022-06-14T08:57:40","date_gmt":"2022-06-14T08:57:40","guid":{"rendered":"https:\/\/www.padaworks.com\/product\/small-multicolor-portuguese-rooster-20cm\/"},"modified":"2026-04-01T13:42:07","modified_gmt":"2026-04-01T13:42:07","slug":"galo-portugues-multicolorido-pequeno-20-cm","status":"publish","type":"product","link":"https:\/\/www.padaworks.com\/pt\/product\/galo-portugues-multicolorido-pequeno-20-cm\/","title":{"rendered":"Galo Portugu\u00eas Multicolorido Pequeno - 20cm"},"content":{"rendered":"<p>Galo portugu\u00eas pequeno multicolorido<\/p>\n<p>A figura do galo de Barcelos tem origem na interessante lenda popular que transporta Barcelos para a \u00e9poca medieval, e que conta a hist\u00f3ria de um peregrino a caminho de Santiago de Compostela, que foi milagrosamente salvo da forca, gra\u00e7as a Santiago, quando um galo cantou e se fez ouvir de forma surpreendente.<br \/>Foi a partir dos anos 50 e 60 que o galo de Barcelos se tornou um s\u00edmbolo do turismo nacional e um \u00edcone da identidade de uma na\u00e7\u00e3o.<\/p>\n<p>Com cores vivas, multifacetadas em tamanho e formas, um testemunho das diferen\u00e7as culturais e da variedade etnogr\u00e1fica de Portugal.<br \/>A imagem do galo de Barcelos \u00e9 universal e \u00e9 um s\u00edmbolo da identidade portuguesa presente em muitas partes do mundo, ultrapassando as fronteiras do concelho que lhe deu o nome.<\/p>\n<p>Como estes galos s\u00e3o t\u00e3o bonitos e simb\u00f3licos, avisamos que os padr\u00f5es podem mudar ligeiramente, mas \u00e9 sempre com o mesmo padr\u00e3o de cores.<\/p>\n<p>Feito \u00e0 m\u00e3o<br \/>Pintado \u00e0 m\u00e3o<br \/>Fabricado em Portugal<\/p>\n<p>Dimens\u00f5es:<br \/>C \u2013 12 cm, L \u2013 8 cm, A \u2013 19 cm<br \/>L \u2013 4,7 pol., L \u2013 3,1 pol., A \u2013 7,4 pol.<\/p>\n<p>As dimens\u00f5es podem variar ligeiramente.<\/p>","protected":false},"excerpt":{"rendered":"<p>Small Multicolor Portuguese Rooster The figure of the rooster of Barcelos comes from the interesting popular legend that transports Barcelos to medieval times, and which tells the story of a pilgrim on his way to Santiago de Compostela, who was miraculously saved from the gallows, thanks to Santiago, when a rooster crowed made itself heard [&hellip;]<\/p>","protected":false},"featured_media":54168,"comment_status":"open","ping_status":"closed","template":"","meta":{"_acf_changed":false},"product_brand":[],"product_cat":[1549],"product_tag":[541,550,544,545,549,543,546,390,547,548,540,542,539],"class_list":{"0":"post-54167","1":"product","2":"type-product","3":"status-publish","4":"has-post-thumbnail","6":"product_cat-roosters","7":"product_tag-barcelos-rooster","8":"product_tag-ceramic-figurine","9":"product_tag-gift-from-portugal","10":"product_tag-good-luck-rooster","11":"product_tag-handmade-ceramics","12":"product_tag-handpainted-rooster","13":"product_tag-lucky-rooster","14":"product_tag-portuguese-ceramic","15":"product_tag-rooster-decor","16":"product_tag-rooster-figurine","17":"product_tag-traditional-ceramic","18":"product_tag-traditional-rooster","19":"product_tag-wedding-gift","20":"product_shipping_class-small-package","22":"first","23":"instock","24":"sale","25":"taxable","26":"shipping-taxable","27":"purchasable","28":"product-type-simple"},"acf":[],"gallery_images":[54169,54170,54171,54172,54173,54174],"_links":{"self":[{"href":"https:\/\/www.padaworks.com\/pt\/wp-json\/wp\/v2\/product\/54167","targetHints":{"allow":["GET"]}}],"collection":[{"href":"https:\/\/www.padaworks.com\/pt\/wp-json\/wp\/v2\/product"}],"about":[{"href":"https:\/\/www.padaworks.com\/pt\/wp-json\/wp\/v2\/types\/product"}],"replies":[{"embeddable":true,"href":"https:\/\/www.padaworks.com\/pt\/wp-json\/wp\/v2\/comments?post=54167"}],"wp:featuredmedia":[{"embeddable":true,"href":"https:\/\/www.padaworks.com\/pt\/wp-json\/wp\/v2\/media\/54168"}],"wp:attachment":[{"href":"https:\/\/www.padaworks.com\/pt\/wp-json\/wp\/v2\/media?parent=54167"}],"wp:term":[{"taxonomy":"product_brand","embeddable":true,"href":"https:\/\/www.padaworks.com\/pt\/wp-json\/wp\/v2\/product_brand?post=54167"},{"taxonomy":"product_cat","embeddable":true,"href":"https:\/\/www.padaworks.com\/pt\/wp-json\/wp\/v2\/product_cat?post=54167"},{"taxonomy":"product_tag","embeddable":true,"href":"https:\/\/www.padaworks.com\/pt\/wp-json\/wp\/v2\/product_tag?post=54167"}],"curies":[{"name":"wp","href":"https:\/\/api.w.org\/{rel}","templated":true}]}}