{"id":54139,"date":"1970-01-01T00:00:00","date_gmt":"1970-01-01T00:00:00","guid":{"rendered":"https:\/\/www.padaworks.com\/product\/wicker-picnic-basket-oval-red-large\/"},"modified":"2026-04-02T11:46:47","modified_gmt":"2026-04-02T11:46:47","slug":"cesto-de-piquenique-em-vime-oval-red-grande","status":"publish","type":"product","link":"https:\/\/www.padaworks.com\/pt\/product\/cesto-de-piquenique-em-vime-oval-red-grande\/","title":{"rendered":"Cesto de piquenique em vime - Oval Red - Grande"},"content":{"rendered":"<p>Cesto de piquenique em vime - Oval Red - Grande<\/p>\n<p>Perfeito para um piquenique com a fam\u00edlia e os amigos.<br \/>Pr\u00e1tico para transportar alimentos para a praia, jardins ou campo.<br \/>\u00c9 um produto totalmente feito \u00e0 m\u00e3o, amigo do ambiente e sustent\u00e1vel!<\/p>\n<p>Com forro no interior<br \/>Feito \u00e0 m\u00e3o<br \/>Fabricado em Portugal<\/p>\n<p>Dimens\u00f5es:<br \/>C - 54 cm, L - 34 cm, A - 28 cm, A com pega - 41 cm<br \/>C - 21,3 pol., L - 13,4 pol., A - 11,0 pol., A com pega - 16,1 pol.<\/p>\n<p>As dimens\u00f5es podem variar ligeiramente<\/p>","protected":false},"excerpt":{"rendered":"<p>Wicker Picnic Basket &#8211; Oval Red &#8211; Large Perfect for a picnic with family and friends.Practical for transporting food to the beach, gardens or countryside.It is an all handmade product, environmentally friendly and sustainable! With lining insideArtisan MadeMade in Portugal Dimensions:L &#8211; 54 cm, W &#8211; 34 cm, H &#8211; 28 cm, H with handle [&hellip;]<\/p>","protected":false},"featured_media":54140,"comment_status":"open","ping_status":"closed","template":"","meta":{"_acf_changed":false},"product_brand":[],"product_cat":[448],"product_tag":[524,525,522,517,336,523,437,520,519,312,526,521,518],"class_list":{"0":"post-54139","1":"product","2":"type-product","3":"status-publish","4":"has-post-thumbnail","6":"product_cat-picnic","7":"product_tag-basket-with-lid","8":"product_tag-dorothy-basket","9":"product_tag-large-picnic-basket","10":"product_tag-oval-picnic-basket","11":"product_tag-picnic-basket","12":"product_tag-picnic-basket-for-4","13":"product_tag-picnic-basket-set","14":"product_tag-picnic-baskets","15":"product_tag-picnic-wicker-basket","16":"product_tag-storage-basket","17":"product_tag-valentines-day","18":"product_tag-wicker-picnic-basket","19":"product_tag-wicker-picnic-hamper","20":"product_shipping_class-large-package","22":"first","23":"instock","24":"taxable","25":"shipping-taxable","26":"purchasable","27":"product-type-simple"},"acf":[],"gallery_images":[54141,54142,54143,54144,54145,54146,54147,54148,54149,54150,54151,54152],"_links":{"self":[{"href":"https:\/\/www.padaworks.com\/pt\/wp-json\/wp\/v2\/product\/54139","targetHints":{"allow":["GET"]}}],"collection":[{"href":"https:\/\/www.padaworks.com\/pt\/wp-json\/wp\/v2\/product"}],"about":[{"href":"https:\/\/www.padaworks.com\/pt\/wp-json\/wp\/v2\/types\/product"}],"replies":[{"embeddable":true,"href":"https:\/\/www.padaworks.com\/pt\/wp-json\/wp\/v2\/comments?post=54139"}],"wp:featuredmedia":[{"embeddable":true,"href":"https:\/\/www.padaworks.com\/pt\/wp-json\/wp\/v2\/media\/54140"}],"wp:attachment":[{"href":"https:\/\/www.padaworks.com\/pt\/wp-json\/wp\/v2\/media?parent=54139"}],"wp:term":[{"taxonomy":"product_brand","embeddable":true,"href":"https:\/\/www.padaworks.com\/pt\/wp-json\/wp\/v2\/product_brand?post=54139"},{"taxonomy":"product_cat","embeddable":true,"href":"https:\/\/www.padaworks.com\/pt\/wp-json\/wp\/v2\/product_cat?post=54139"},{"taxonomy":"product_tag","embeddable":true,"href":"https:\/\/www.padaworks.com\/pt\/wp-json\/wp\/v2\/product_tag?post=54139"}],"curies":[{"name":"wp","href":"https:\/\/api.w.org\/{rel}","templated":true}]}}