{"id":54098,"date":"2022-06-14T08:55:57","date_gmt":"2022-06-14T08:55:57","guid":{"rendered":"https:\/\/www.padaworks.com\/product\/tradicional-ceramic-sardines-wall-hanging\/"},"modified":"2026-04-17T17:47:00","modified_gmt":"2026-04-17T17:47:00","slug":"sardinhas-tradicionais-em-ceramica-para-pendurar-na-parede-2","status":"publish","type":"product","link":"https:\/\/www.padaworks.com\/pt\/product\/sardinhas-tradicionais-em-ceramica-para-pendurar-na-parede-2\/","title":{"rendered":"Sardinhas tradicionais em cer\u00e2mica - Pendurar na parede"},"content":{"rendered":"<p>Sardinha em cer\u00e2mica<\/p>\n<p>Sardinhas de cer\u00e2mica feitas e pintadas \u00e0 m\u00e3o.<br \/>T\u00eam uma abertura na parte de tr\u00e1s para serem pendurados na parede.<\/p>\n<p>Feito \u00e0 m\u00e3o<br \/>Fabricado em Portugal<\/p>\n<p>Dimens\u00f5es:<br \/>C - 19 cm, L - 2 cm, A - 4 cm<br \/>C - 7,5 pol., L - 0,8 pol., A - 1,6 pol.<\/p>\n<p>As dimens\u00f5es e as ilustra\u00e7\u00f5es podem variar ligeiramente.<\/p>","protected":false},"excerpt":{"rendered":"<p>Ceramic Sardine Ceramic sardines made and painted by hand.They have an opening on the back to hang on the wall. Artisan MadeMade in Portugal Dimensions:L &#8211; 19 cm, W &#8211; 2 cm, H &#8211; 4 cmL &#8211; 7,5 in, W &#8211; 0,8 in, H &#8211; 1,6 in The dimensions and illustrations may vary slightly.<\/p>","protected":false},"featured_media":54099,"comment_status":"open","ping_status":"closed","template":"","meta":{"_acf_changed":false},"product_brand":[],"product_cat":[1551],"product_tag":[495,492,395,494,490,396,493,487,496,390,489,488,491],"class_list":{"0":"post-54098","1":"product","2":"type-product","3":"status-publish","4":"has-post-thumbnail","6":"product_cat-fishes","7":"product_tag-ceramic-art","8":"product_tag-ceramic-fish","9":"product_tag-ceramic-painted","10":"product_tag-ceramic-wall-hanging","11":"product_tag-fish-ceramic-painted","12":"product_tag-fish-wall-hanging","13":"product_tag-outdoor-wall-decor","14":"product_tag-painted-sardines","15":"product_tag-pink-and-green","16":"product_tag-portuguese-ceramic","17":"product_tag-portuguese-fish","18":"product_tag-portuguese-sardine","19":"product_tag-sardine-wall-hanging","20":"product_shipping_class-small-package","22":"first","23":"instock","24":"taxable","25":"shipping-taxable","26":"purchasable","27":"product-type-variable","28":"has-default-attributes","29":"wvs-archive-product-wrapper"},"acf":[],"gallery_images":[54100,54101,54102,54103,54104,54105,54106,54107,54108],"_links":{"self":[{"href":"https:\/\/www.padaworks.com\/pt\/wp-json\/wp\/v2\/product\/54098","targetHints":{"allow":["GET"]}}],"collection":[{"href":"https:\/\/www.padaworks.com\/pt\/wp-json\/wp\/v2\/product"}],"about":[{"href":"https:\/\/www.padaworks.com\/pt\/wp-json\/wp\/v2\/types\/product"}],"replies":[{"embeddable":true,"href":"https:\/\/www.padaworks.com\/pt\/wp-json\/wp\/v2\/comments?post=54098"}],"wp:featuredmedia":[{"embeddable":true,"href":"https:\/\/www.padaworks.com\/pt\/wp-json\/wp\/v2\/media\/54099"}],"wp:attachment":[{"href":"https:\/\/www.padaworks.com\/pt\/wp-json\/wp\/v2\/media?parent=54098"}],"wp:term":[{"taxonomy":"product_brand","embeddable":true,"href":"https:\/\/www.padaworks.com\/pt\/wp-json\/wp\/v2\/product_brand?post=54098"},{"taxonomy":"product_cat","embeddable":true,"href":"https:\/\/www.padaworks.com\/pt\/wp-json\/wp\/v2\/product_cat?post=54098"},{"taxonomy":"product_tag","embeddable":true,"href":"https:\/\/www.padaworks.com\/pt\/wp-json\/wp\/v2\/product_tag?post=54098"}],"curies":[{"name":"wp","href":"https:\/\/api.w.org\/{rel}","templated":true}]}}