{"id":54066,"date":"1970-01-01T00:00:00","date_gmt":"1970-01-01T00:00:00","guid":{"rendered":"https:\/\/www.padaworks.com\/product\/color-wicker-picnic-basket-rectangular-cream-small\/"},"modified":"2026-03-05T15:03:39","modified_gmt":"2026-03-05T15:03:39","slug":"cesto-de-piquenique-de-vime-colorido-retangular-cream-pequeno","status":"publish","type":"product","link":"https:\/\/www.padaworks.com\/pt\/product\/cesto-de-piquenique-de-vime-colorido-retangular-cream-pequeno\/","title":{"rendered":"Cesto de piquenique em vime Color - Retangular Creme - Pequeno"},"content":{"rendered":"<p>Cesto de piquenique em vime colorido - Pequeno<\/p>\n<p>Perfeito para um piquenique com a fam\u00edlia e os amigos.<br \/>Pr\u00e1tico para transportar alimentos para a praia, jardins ou campo.<br \/>\u00c9 um produto totalmente feito \u00e0 m\u00e3o, amigo do ambiente e sustent\u00e1vel!<\/p>\n<p>Com forro no interior, 100% Algod\u00e3o<br \/>Feito \u00e0 m\u00e3o<br \/>Fabricado em Portugal<\/p>\n<p>Dimens\u00f5es:<br \/>C - 31 cm, L - 24 cm, A - 17 cm, A com pega - 30 cm<br \/>C - 12,2 pol., L - 9,4 pol., A - 6,7 pol., A com pega - 11,8 cm<\/p>\n<p>As dimens\u00f5es podem variar ligeiramente<\/p>","protected":false},"excerpt":{"rendered":"<p>Color Wicker Picnic Basket &#8211; Small Perfect for a picnic with family and friends.Practical for transporting food to the beach, gardens or countryside.It is an all handmade product, environmentally friendly and sustainable! With lining inside, 100% CottonArtisan MadeMade in Portugal Dimensions:L &#8211; 31 cm, W &#8211; 24 cm, H &#8211; 17 cm, H with handle [&hellip;]<\/p>","protected":false},"featured_media":54067,"comment_status":"open","ping_status":"closed","template":"","meta":{"_acf_changed":false},"product_brand":[],"product_cat":[448],"product_tag":[444,441,309,442,443,445,336,438,437,312,440,446,439],"class_list":{"0":"post-54066","1":"product","2":"type-product","3":"status-publish","4":"has-post-thumbnail","6":"product_cat-picnic","7":"product_tag-cute-basket","8":"product_tag-food-basket","9":"product_tag-fruit-basket","10":"product_tag-garden-basket","11":"product_tag-gathering-basket","12":"product_tag-gift-basket","13":"product_tag-picnic-basket","14":"product_tag-picnic-basket-for-2","15":"product_tag-picnic-basket-set","16":"product_tag-storage-basket","17":"product_tag-vintage-picnic","18":"product_tag-wedding-basket","19":"product_tag-wicker-basket","20":"product_shipping_class-small-package","22":"first","23":"instock","24":"sale","25":"taxable","26":"shipping-taxable","27":"purchasable","28":"product-type-simple"},"acf":[],"gallery_images":[54068,54069,54070,54071,54072,54073,54074,54075,54076],"_links":{"self":[{"href":"https:\/\/www.padaworks.com\/pt\/wp-json\/wp\/v2\/product\/54066","targetHints":{"allow":["GET"]}}],"collection":[{"href":"https:\/\/www.padaworks.com\/pt\/wp-json\/wp\/v2\/product"}],"about":[{"href":"https:\/\/www.padaworks.com\/pt\/wp-json\/wp\/v2\/types\/product"}],"replies":[{"embeddable":true,"href":"https:\/\/www.padaworks.com\/pt\/wp-json\/wp\/v2\/comments?post=54066"}],"wp:featuredmedia":[{"embeddable":true,"href":"https:\/\/www.padaworks.com\/pt\/wp-json\/wp\/v2\/media\/54067"}],"wp:attachment":[{"href":"https:\/\/www.padaworks.com\/pt\/wp-json\/wp\/v2\/media?parent=54066"}],"wp:term":[{"taxonomy":"product_brand","embeddable":true,"href":"https:\/\/www.padaworks.com\/pt\/wp-json\/wp\/v2\/product_brand?post=54066"},{"taxonomy":"product_cat","embeddable":true,"href":"https:\/\/www.padaworks.com\/pt\/wp-json\/wp\/v2\/product_cat?post=54066"},{"taxonomy":"product_tag","embeddable":true,"href":"https:\/\/www.padaworks.com\/pt\/wp-json\/wp\/v2\/product_tag?post=54066"}],"curies":[{"name":"wp","href":"https:\/\/api.w.org\/{rel}","templated":true}]}}