{"id":104762,"date":"2026-03-12T14:38:50","date_gmt":"2026-03-12T14:38:50","guid":{"rendered":"https:\/\/www.padaworks.com\/?post_type=product&#038;p=104762"},"modified":"2026-03-12T14:40:20","modified_gmt":"2026-03-12T14:40:20","slug":"prato-fundo-com-desenho-de-sardinhas-19-cm","status":"publish","type":"product","link":"https:\/\/www.padaworks.com\/pt\/product\/prato-fundo-com-desenho-de-sardinhas-19-cm\/","title":{"rendered":"Prato fundo com desenho de sardinhas - 19 cm (7,5\u201d)"},"content":{"rendered":"<p>Prato fundo com desenho de sardinhas - 19 cm (7,5\u201d)<\/p>\n<p>Prato fundo de cer\u00e2mica com sardinhas vidradas. Um prato de cer\u00e2mica com um desenho de peixe para a sua cozinha. Uma pe\u00e7a tradicional portuguesa. Pode ser lavado \u00e0 m\u00e3o ou na m\u00e1quina de lavar lou\u00e7a.<br \/>\nDispon\u00edvel em quatro cores.<\/p>\n<p>Feito \u00e0 m\u00e3o<br \/>\nFabricado em Portugal<\/p>\n<p>Dimens\u00f5es:<br \/>\n\u00d8 - 19 cm, H - 5 cm<br \/>\n\u00d8 - 7,5 in, H - 2,0 in<\/p>\n<p>As dimens\u00f5es podem variar ligeiramente.<\/p>","protected":false},"excerpt":{"rendered":"<p>Deep Dish with Sardines Design &#8211; 19 cm (7,5&#8221;) Ceramic deep dish with sardines glazed. A ceramic plate with a fish design for your kitchen. A traditional portuguese piece. Hand- or dishwasher-safe. Available in four colors. Artisan Made Made in Portugal Dimensions: \u00d8 &#8211; 19 cm, H &#8211; 5 cm \u00d8 &#8211; 7,5 in, H [&hellip;]<\/p>","protected":false},"featured_media":104767,"comment_status":"closed","ping_status":"closed","template":"","meta":{"_acf_changed":false},"product_brand":[],"product_cat":[1767],"product_tag":[3443,1621,2938,1560,1637,2346,1724,1684,2887,2889,1797,1682,3445,3367,3366,3446,1632,2890,3444,2891],"class_list":{"0":"post-104762","1":"product","2":"type-product","3":"status-publish","4":"has-post-thumbnail","6":"product_cat-kitchenware","7":"product_tag-beach-home-decor","8":"product_tag-ceramic-dinnerware","9":"product_tag-ceramic-plates","10":"product_tag-ceramic-sardine","11":"product_tag-cereal-bowl","12":"product_tag-coastal-decor","13":"product_tag-decorative-plate","14":"product_tag-fish-decor","15":"product_tag-handmade-plate","16":"product_tag-plate-with-fish","17":"product_tag-portugal-gifts","18":"product_tag-portuguese-ceramics","19":"product_tag-round-dish","20":"product_tag-sardines-decor","21":"product_tag-sardines-gifts","22":"product_tag-serveware","23":"product_tag-serving-plates","24":"product_tag-serving-tray","25":"product_tag-soup-dish","26":"product_tag-stoneware-plate","27":"product_shipping_class-small-package","29":"first","30":"instock","31":"taxable","32":"shipping-taxable","33":"purchasable","34":"product-type-variable","35":"has-default-attributes","36":"wvs-archive-product-wrapper"},"acf":[],"gallery_images":[104768,104769,104770,104771,104772,104773,104774,104775,104776],"_links":{"self":[{"href":"https:\/\/www.padaworks.com\/pt\/wp-json\/wp\/v2\/product\/104762","targetHints":{"allow":["GET"]}}],"collection":[{"href":"https:\/\/www.padaworks.com\/pt\/wp-json\/wp\/v2\/product"}],"about":[{"href":"https:\/\/www.padaworks.com\/pt\/wp-json\/wp\/v2\/types\/product"}],"replies":[{"embeddable":true,"href":"https:\/\/www.padaworks.com\/pt\/wp-json\/wp\/v2\/comments?post=104762"}],"wp:featuredmedia":[{"embeddable":true,"href":"https:\/\/www.padaworks.com\/pt\/wp-json\/wp\/v2\/media\/104767"}],"wp:attachment":[{"href":"https:\/\/www.padaworks.com\/pt\/wp-json\/wp\/v2\/media?parent=104762"}],"wp:term":[{"taxonomy":"product_brand","embeddable":true,"href":"https:\/\/www.padaworks.com\/pt\/wp-json\/wp\/v2\/product_brand?post=104762"},{"taxonomy":"product_cat","embeddable":true,"href":"https:\/\/www.padaworks.com\/pt\/wp-json\/wp\/v2\/product_cat?post=104762"},{"taxonomy":"product_tag","embeddable":true,"href":"https:\/\/www.padaworks.com\/pt\/wp-json\/wp\/v2\/product_tag?post=104762"}],"curies":[{"name":"wp","href":"https:\/\/api.w.org\/{rel}","templated":true}]}}