{"id":104610,"date":"2026-03-06T15:13:00","date_gmt":"2026-03-06T15:13:00","guid":{"rendered":"https:\/\/www.padaworks.com\/?post_type=product&#038;p=104610"},"modified":"2026-04-13T14:47:43","modified_gmt":"2026-04-13T14:47:43","slug":"andorinha-em-ceramica-com-decoracao-de-flores-e-coracoes","status":"publish","type":"product","link":"https:\/\/www.padaworks.com\/pt\/product\/andorinha-em-ceramica-com-decoracao-de-flores-e-coracoes\/","title":{"rendered":"Decora\u00e7\u00e3o de andorinha em cer\u00e2mica com flores e cora\u00e7\u00f5es"},"content":{"rendered":"<p>Decora\u00e7\u00e3o de andorinha em cer\u00e2mica com flores e cora\u00e7\u00f5es<\/p>\n<p>Fabricado em barro com acabamento vidrado. Dispon\u00edvel em dois tamanhos.<br \/>\nEm Portugal \u00e9 t\u00edpico ver estas andorinhas penduradas nas paredes das casas! S\u00e3o o s\u00edmbolo do Amor, da Fam\u00edlia, da Lealdade, do Lar e da Fidelidade.<br \/>\nSimbolizam os membros da fam\u00edlia. Os de tamanho grande s\u00e3o os pais, os de tamanho m\u00e9dio s\u00e3o os filhos e os de tamanho pequeno s\u00e3o os netos.<br \/>\nCrie tamb\u00e9m esta bela tradi\u00e7\u00e3o portuguesa na sua casa \ud83d\ude42<\/p>\n<p>Feito \u00e0 m\u00e3o<br \/>\nFeito em Portugal com produtos portugueses, dedica\u00e7\u00e3o e amor!!<\/p>\n<p>Dimens\u00f5es:<br \/>\nM\u00c9DIO<br \/>\nC - 10 cm, L - 14 cm, P - 2,5 cm<br \/>\nC - 3,9 pol., L - 5,5 pol., P - 1,0 pol.<\/p>\n<p>GRANDE<br \/>\nC - 12 cm, L - 13,5 cm, P - 4 cm<br \/>\nC - 4,7 pol., L - 5,3 pol., P - 1,6 pol.<\/p>\n<p>O acabamento vidrado pode, por vezes, apresentar pequenas linhas e deforma\u00e7\u00f5es normais do processo de produ\u00e7\u00e3o manual.<\/p>\n<p>As dimens\u00f5es podem variar ligeiramente.<\/p>","protected":false},"excerpt":{"rendered":"<p>Ceramic Swallow with Flowers and Hearts Decoration Made of clay with a glazed finish. Available in two sizes. In Portugal it is typical to see these swallows hanging on the walls of houses! They are symbol of Love, Family, Loyalty, Home and Loyalty. They symbolize the family members. The large size are the parents, the [&hellip;]<\/p>","protected":false},"featured_media":104613,"comment_status":"closed","ping_status":"closed","template":"","meta":{"_acf_changed":false},"product_brand":[],"product_cat":[1550],"product_tag":[1185,1801,1465,1011,699,695,494,3440,3439,319,1466,1464,2508,3438,1013,3441,680,1707],"class_list":{"0":"post-104610","1":"product","2":"type-product","3":"status-publish","4":"has-post-thumbnail","6":"product_cat-birds","7":"product_tag-best-friend-gift","8":"product_tag-bird-figurine","9":"product_tag-bird-home-decor","10":"product_tag-bird-wall-art","11":"product_tag-bird-wall-hanging","12":"product_tag-ceramic-swallows","13":"product_tag-ceramic-wall-hanging","14":"product_tag-cute-bird","15":"product_tag-entry-wall-decor","16":"product_tag-farmhouse-decor","17":"product_tag-handmade-ceramic","18":"product_tag-miniature-birds","19":"product_tag-portuguese-decor","20":"product_tag-set-birds","21":"product_tag-swallow-wall-hanging","22":"product_tag-swallows-decor","23":"product_tag-wall-hanging","24":"product_tag-white-bird","25":"product_shipping_class-small-package","27":"first","28":"instock","29":"taxable","30":"shipping-taxable","31":"purchasable","32":"product-type-variable","33":"has-default-attributes","34":"wvs-archive-product-wrapper"},"acf":[],"gallery_images":[104614,104615,104616,104617,104618],"_links":{"self":[{"href":"https:\/\/www.padaworks.com\/pt\/wp-json\/wp\/v2\/product\/104610","targetHints":{"allow":["GET"]}}],"collection":[{"href":"https:\/\/www.padaworks.com\/pt\/wp-json\/wp\/v2\/product"}],"about":[{"href":"https:\/\/www.padaworks.com\/pt\/wp-json\/wp\/v2\/types\/product"}],"replies":[{"embeddable":true,"href":"https:\/\/www.padaworks.com\/pt\/wp-json\/wp\/v2\/comments?post=104610"}],"wp:featuredmedia":[{"embeddable":true,"href":"https:\/\/www.padaworks.com\/pt\/wp-json\/wp\/v2\/media\/104613"}],"wp:attachment":[{"href":"https:\/\/www.padaworks.com\/pt\/wp-json\/wp\/v2\/media?parent=104610"}],"wp:term":[{"taxonomy":"product_brand","embeddable":true,"href":"https:\/\/www.padaworks.com\/pt\/wp-json\/wp\/v2\/product_brand?post=104610"},{"taxonomy":"product_cat","embeddable":true,"href":"https:\/\/www.padaworks.com\/pt\/wp-json\/wp\/v2\/product_cat?post=104610"},{"taxonomy":"product_tag","embeddable":true,"href":"https:\/\/www.padaworks.com\/pt\/wp-json\/wp\/v2\/product_tag?post=104610"}],"curies":[{"name":"wp","href":"https:\/\/api.w.org\/{rel}","templated":true}]}}