{"id":104598,"date":"2026-03-06T12:18:22","date_gmt":"2026-03-06T12:18:22","guid":{"rendered":"https:\/\/www.padaworks.com\/?post_type=product&#038;p=104598"},"modified":"2026-04-24T08:17:26","modified_gmt":"2026-04-24T08:17:26","slug":"galo-de-ceramica-pintado-a-mao-27cm","status":"publish","type":"product","link":"https:\/\/www.padaworks.com\/pt\/product\/galo-de-ceramica-pintado-a-mao-27cm\/","title":{"rendered":"Galo de cer\u00e2mica pintado \u00e0 m\u00e3o - 27cm"},"content":{"rendered":"<p>Galo de cer\u00e2mica pintado \u00e0 m\u00e3o 27cm<\/p>\n<p>Galo de cer\u00e2mica feito \u00e0 m\u00e3o, pintado \u00e0 m\u00e3o. Apresenta um desenho texturado e em relevo. Estilo de pintura colorido e tradicional.<br \/>\nBonita figura para decora\u00e7\u00e3o r\u00fastica e vintage ou como um presente perfeito.<br \/>\nPequenas irregularidades comprovam um trabalho artesanal 100% e pe\u00e7as \u00fanicas.<\/p>\n<p>Feito \u00e0 m\u00e3o<br \/>\nFeito em Portugal com produtos portugueses, dedica\u00e7\u00e3o e amor!!<\/p>\n<p>Dimens\u00f5es:<br \/>\nC - 18 cm, L - 13 cm, A - 27 cm<br \/>\nC - 7,1 pol., L - 5,1 pol., A - 10,6 pol.<\/p>\n<p>As dimens\u00f5es podem variar ligeiramente.<\/p>","protected":false},"excerpt":{"rendered":"<p>Handpainted Ceramic Rooster 27cm Handmade ceramic rooster, hand-painted. Features a textured, raised design. Colorful and traditional painting style. Beautiful figure for rustic and vintage home decor or as a perfect gift. Small irregularities prove a 100% handmade work and unique pieces. Artisan Made Made in Portugal with portuguese products, dedication and love!! Dimensions: L &#8211; [&hellip;]<\/p>","protected":false},"featured_media":104599,"comment_status":"closed","ping_status":"closed","template":"","meta":{"_acf_changed":false},"product_brand":[],"product_cat":[1549],"product_tag":[3436,550,919,1839,1840,1001,1672,544,545,549,543,331,681,1601,547,548,3437,2410,1602],"class_list":{"0":"post-104598","1":"product","2":"type-product","3":"status-publish","4":"has-post-thumbnail","6":"product_cat-roosters","7":"product_tag-black-chicken","8":"product_tag-ceramic-figurine","9":"product_tag-ceramic-rooster","10":"product_tag-chicken-art","11":"product_tag-chicken-ornament","12":"product_tag-farmhouse-kitchen","13":"product_tag-farmhouse-rooster","14":"product_tag-gift-from-portugal","15":"product_tag-good-luck-rooster","16":"product_tag-handmade-ceramics","17":"product_tag-handpainted-rooster","18":"product_tag-kitchen-decor","19":"product_tag-portuguese-rooster","20":"product_tag-rooster-art","21":"product_tag-rooster-decor","22":"product_tag-rooster-figurine","23":"product_tag-rooster-lovers","24":"product_tag-rustic-rooster","25":"product_tag-vintage-rooster","26":"product_shipping_class-large-package","28":"first","29":"instock","30":"sale","31":"taxable","32":"shipping-taxable","33":"purchasable","34":"product-type-simple"},"acf":[],"gallery_images":[104600,104601,104602,104603],"_links":{"self":[{"href":"https:\/\/www.padaworks.com\/pt\/wp-json\/wp\/v2\/product\/104598","targetHints":{"allow":["GET"]}}],"collection":[{"href":"https:\/\/www.padaworks.com\/pt\/wp-json\/wp\/v2\/product"}],"about":[{"href":"https:\/\/www.padaworks.com\/pt\/wp-json\/wp\/v2\/types\/product"}],"replies":[{"embeddable":true,"href":"https:\/\/www.padaworks.com\/pt\/wp-json\/wp\/v2\/comments?post=104598"}],"wp:featuredmedia":[{"embeddable":true,"href":"https:\/\/www.padaworks.com\/pt\/wp-json\/wp\/v2\/media\/104599"}],"wp:attachment":[{"href":"https:\/\/www.padaworks.com\/pt\/wp-json\/wp\/v2\/media?parent=104598"}],"wp:term":[{"taxonomy":"product_brand","embeddable":true,"href":"https:\/\/www.padaworks.com\/pt\/wp-json\/wp\/v2\/product_brand?post=104598"},{"taxonomy":"product_cat","embeddable":true,"href":"https:\/\/www.padaworks.com\/pt\/wp-json\/wp\/v2\/product_cat?post=104598"},{"taxonomy":"product_tag","embeddable":true,"href":"https:\/\/www.padaworks.com\/pt\/wp-json\/wp\/v2\/product_tag?post=104598"}],"curies":[{"name":"wp","href":"https:\/\/api.w.org\/{rel}","templated":true}]}}