{"id":104520,"date":"2026-03-04T13:04:25","date_gmt":"2026-03-04T13:04:25","guid":{"rendered":"https:\/\/www.padaworks.com\/?post_type=product&#038;p=104520"},"modified":"2026-03-04T13:04:43","modified_gmt":"2026-03-04T13:04:43","slug":"conjunto-de-chavena-e-pires-de-cafe-em-ceramica-vidrada-3-oz-ceramica-vintage","status":"publish","type":"product","link":"https:\/\/www.padaworks.com\/pt\/product\/conjunto-de-chavena-e-pires-de-cafe-em-ceramica-vidrada-3-oz-ceramica-vintage\/","title":{"rendered":"Conjunto de ch\u00e1vena de caf\u00e9 e pires em cer\u00e2mica vidrada de 3 oz - Vintage Ceramics"},"content":{"rendered":"<p>Conjunto de ch\u00e1vena de caf\u00e9 e pires em cer\u00e2mica vidrada - 3 oz<\/p>\n<p>Fabricado em cer\u00e2mica com um acabamento vidrado. Dispon\u00edvel em quatro cores.<br \/>\nPode ser lavado \u00e0 m\u00e3o ou na m\u00e1quina de lavar lou\u00e7a.<br \/>\nUma caneca de caf\u00e9 moderna para desfrutar do seu caf\u00e9 ou um presente perfeito para um amigo.<\/p>\n<p>Dimens\u00f5es:<br \/>\nTa\u00e7a<br \/>\n\u00d8 - 6 cm, H - 6 cm<br \/>\n\u00d8 - 2,4 pol., H - 2,4 pol.<\/p>\n<p>Pires<br \/>\n\u00d8 - 12 cm, H - 1,5 cm<br \/>\n\u00d8 - 4,7 in, H - 0,6 in<\/p>\n<p>Capacidade:<br \/>\n90 ml; 3 oz<\/p>\n<p>As dimens\u00f5es podem variar ligeiramente.<\/p>","protected":false},"excerpt":{"rendered":"<p>Glazed Ceramic Coffee Cup and Saucer Set &#8211; 3oz Made of ceramic with a glazed finish. Available in four colors. Hand- or dishwasher-safe. A modern coffee mug to enjoy your coffee or a perfect gift for a friend. Dimensions: Cup \u00d8 &#8211; 6 cm, H &#8211; 6 cm \u00d8 &#8211; 2,4 in, H &#8211; 2,4 [&hellip;]<\/p>","protected":false},"featured_media":104525,"comment_status":"closed","ping_status":"closed","template":"","meta":{"_acf_changed":false},"product_brand":[],"product_cat":[1767],"product_tag":[3429,3432,3426,2218,2201,3428,3430,3435,2902,3433,1023,3427,3360,2908,583,3431,2198,3434],"class_list":{"0":"post-104520","1":"product","2":"type-product","3":"status-publish","4":"has-post-thumbnail","6":"product_cat-kitchenware","7":"product_tag-3-oz-mug","8":"product_tag-4-oz-coffee-cup","9":"product_tag-blue-mug","10":"product_tag-ceramic-coffee-mug","11":"product_tag-ceramic-cup","12":"product_tag-ceramic-mug","13":"product_tag-coffee-cup","14":"product_tag-coffee-lovers-gift","15":"product_tag-coffee-mug","16":"product_tag-espresso-cup","17":"product_tag-gift-for-mom","18":"product_tag-gift-mug","19":"product_tag-kitchen-utensils","20":"product_tag-pottery-mug","21":"product_tag-rustic-home-decor","22":"product_tag-set-of-cup","23":"product_tag-stoneware-mug","24":"product_tag-textured-cup","25":"product_shipping_class-small-package","27":"first","28":"instock","29":"taxable","30":"shipping-taxable","31":"purchasable","32":"product-type-variable","33":"has-default-attributes","34":"wvs-archive-product-wrapper"},"acf":[],"gallery_images":[104526,104527,104528,104529,104530,104531,104532],"_links":{"self":[{"href":"https:\/\/www.padaworks.com\/pt\/wp-json\/wp\/v2\/product\/104520","targetHints":{"allow":["GET"]}}],"collection":[{"href":"https:\/\/www.padaworks.com\/pt\/wp-json\/wp\/v2\/product"}],"about":[{"href":"https:\/\/www.padaworks.com\/pt\/wp-json\/wp\/v2\/types\/product"}],"replies":[{"embeddable":true,"href":"https:\/\/www.padaworks.com\/pt\/wp-json\/wp\/v2\/comments?post=104520"}],"wp:featuredmedia":[{"embeddable":true,"href":"https:\/\/www.padaworks.com\/pt\/wp-json\/wp\/v2\/media\/104525"}],"wp:attachment":[{"href":"https:\/\/www.padaworks.com\/pt\/wp-json\/wp\/v2\/media?parent=104520"}],"wp:term":[{"taxonomy":"product_brand","embeddable":true,"href":"https:\/\/www.padaworks.com\/pt\/wp-json\/wp\/v2\/product_brand?post=104520"},{"taxonomy":"product_cat","embeddable":true,"href":"https:\/\/www.padaworks.com\/pt\/wp-json\/wp\/v2\/product_cat?post=104520"},{"taxonomy":"product_tag","embeddable":true,"href":"https:\/\/www.padaworks.com\/pt\/wp-json\/wp\/v2\/product_tag?post=104520"}],"curies":[{"name":"wp","href":"https:\/\/api.w.org\/{rel}","templated":true}]}}