{"id":104482,"date":"2026-03-03T17:25:03","date_gmt":"2026-03-03T17:25:03","guid":{"rendered":"https:\/\/www.padaworks.com\/?post_type=product&#038;p=104482"},"modified":"2026-03-03T17:25:12","modified_gmt":"2026-03-03T17:25:12","slug":"recipiente-para-sal-em-ceramica-vidrada-decoracao-de-cozinha","status":"publish","type":"product","link":"https:\/\/www.padaworks.com\/pt\/product\/recipiente-para-sal-em-ceramica-vidrada-decoracao-de-cozinha\/","title":{"rendered":"Recipiente para sal em cer\u00e2mica vidrada - Decora\u00e7\u00e3o de cozinha"},"content":{"rendered":"<p>Recipiente para sal em cer\u00e2mica vidrada<\/p>\n<p>Fabricado em cer\u00e2mica com acabamento vidrado e feito \u00e0 m\u00e3o. Pode ser lavado \u00e0 m\u00e3o ou na m\u00e1quina de lavar lou\u00e7a.<br \/>\nUma pe\u00e7a tradicional perfeita para a decora\u00e7\u00e3o r\u00fastica da sua cozinha.<\/p>\n<p>Feito \u00e0 m\u00e3o<br \/>\nFabricado em Portugal<\/p>\n<p>Dimens\u00f5es:<br \/>\n\u00d8 - 15 cm, H - 18 cm<br \/>\n\u00d8 - 5,9 in, H - 7,1 in<\/p>\n<p>As dimens\u00f5es podem variar ligeiramente.<\/p>","protected":false},"excerpt":{"rendered":"<p>Glazed Ceramic Salt Container Made of ceramic with a glazed finish and handmade. Hand- or dishwasher-safe. A traditional piece perfect for your rustic kitchen decor. Artisan Made Made in Portugal Dimensions: \u00d8 &#8211; 15 cm, H &#8211; 18 cm \u00d8 &#8211; 5,9 in, H &#8211; 7,1 in The dimensions may vary slightly.<\/p>","protected":false},"featured_media":104485,"comment_status":"closed","ping_status":"closed","template":"","meta":{"_acf_changed":false},"product_brand":[],"product_cat":[1767],"product_tag":[2169,1625,3164,3363,329,328,1229,3423,1682,2809,1627,3424,3168,3169,1628,3422,3425,1124],"class_list":{"0":"post-104482","1":"product","2":"type-product","3":"status-publish","4":"has-post-thumbnail","6":"product_cat-kitchenware","7":"product_tag-ceramic-container","8":"product_tag-ceramic-salt-cellar","9":"product_tag-ceramic-salt-shaker","10":"product_tag-ceramic-storage","11":"product_tag-food-storage","12":"product_tag-kitchen-storage","13":"product_tag-new-home-gift","14":"product_tag-onion-and-garlic","15":"product_tag-portuguese-ceramics","16":"product_tag-pull-out","17":"product_tag-salt-box","18":"product_tag-salt-cellar-spice-jar","19":"product_tag-salt-holder","20":"product_tag-salt-jar","21":"product_tag-salt-pinch-pot","22":"product_tag-salt-shaker","23":"product_tag-salt-storage","24":"product_tag-vintage-ceramic","25":"product_shipping_class-small-package","27":"first","28":"instock","29":"taxable","30":"shipping-taxable","31":"purchasable","32":"product-type-variable","33":"has-default-attributes","34":"wvs-archive-product-wrapper"},"acf":[],"gallery_images":[104486,104487,104488,104489,104490,104491],"_links":{"self":[{"href":"https:\/\/www.padaworks.com\/pt\/wp-json\/wp\/v2\/product\/104482","targetHints":{"allow":["GET"]}}],"collection":[{"href":"https:\/\/www.padaworks.com\/pt\/wp-json\/wp\/v2\/product"}],"about":[{"href":"https:\/\/www.padaworks.com\/pt\/wp-json\/wp\/v2\/types\/product"}],"replies":[{"embeddable":true,"href":"https:\/\/www.padaworks.com\/pt\/wp-json\/wp\/v2\/comments?post=104482"}],"wp:featuredmedia":[{"embeddable":true,"href":"https:\/\/www.padaworks.com\/pt\/wp-json\/wp\/v2\/media\/104485"}],"wp:attachment":[{"href":"https:\/\/www.padaworks.com\/pt\/wp-json\/wp\/v2\/media?parent=104482"}],"wp:term":[{"taxonomy":"product_brand","embeddable":true,"href":"https:\/\/www.padaworks.com\/pt\/wp-json\/wp\/v2\/product_brand?post=104482"},{"taxonomy":"product_cat","embeddable":true,"href":"https:\/\/www.padaworks.com\/pt\/wp-json\/wp\/v2\/product_cat?post=104482"},{"taxonomy":"product_tag","embeddable":true,"href":"https:\/\/www.padaworks.com\/pt\/wp-json\/wp\/v2\/product_tag?post=104482"}],"curies":[{"name":"wp","href":"https:\/\/api.w.org\/{rel}","templated":true}]}}