{"id":104293,"date":"2026-02-27T17:46:41","date_gmt":"2026-02-27T17:46:41","guid":{"rendered":"https:\/\/www.padaworks.com\/?post_type=product&#038;p=104293"},"modified":"2026-03-31T04:17:06","modified_gmt":"2026-03-31T04:17:06","slug":"placa-de-ceramica-para-porta-numero-2-2x5-5%e2%80%b3-personalizada","status":"publish","type":"product","link":"https:\/\/www.padaworks.com\/pt\/product\/placa-de-ceramica-para-porta-numero-2-2x5-5%e2%80%b3-personalizada\/","title":{"rendered":"N\u00famero de porta em cer\u00e2mica 2.2\u00d75.5\u2033 - Placa de porta personalizada"},"content":{"rendered":"<p>Porta de cer\u00e2mica n\u00famero 2.2\u00d75.5\u2033<\/p>\n<p>N\u00fameros de porta em cer\u00e2mica feitos \u00e0 m\u00e3o e pintados \u00e0 m\u00e3o com um acabamento vidrado.<br \/>\nN\u00fameros pintados a azul-cobalto com decora\u00e7\u00e3o floral.<br \/>\nSelecione os n\u00fameros da sua casa, e pode tamb\u00e9m acrescentar o azulejo de acabamento (com desenho floral - azulejo lateral). Ver exemplos nas fotos.<\/p>\n<p>Feito \u00e0 m\u00e3o<br \/>\nPequenas irregularidades comprovam um trabalho artesanal 100% e pe\u00e7as \u00fanicas!<br \/>\nFabricado em Portugal<\/p>\n<p>Dimens\u00f5es:<br \/>\nN\u00fameros Azulejos<br \/>\nC - 6,7 cm, L - 14 cm, P - 0,8 cm<br \/>\nC - 2,6 pol., L - 5,5 pol., P - 0,3 pol.<\/p>\n<p>Ladrilhos laterais<br \/>\nC - 3,5 cm, L - 14 cm, P - 0,8 cm<br \/>\nC - 1,4 pol., L - 5,5 pol., P - 0,3 pol.<\/p>\n<p>As dimens\u00f5es podem variar ligeiramente.<\/p>","protected":false},"excerpt":{"rendered":"<p>Ceramic Door Number 2.2&#215;5.5\u2033 Ceramic door numbers handmade and hand painted with a glazed finish. Numbers painted in cobalt blue with floral decoration. Select numbers for your house, and you can also add the finishing tile (with floral design &#8211; side tile). See examples in the photos. Artisan Made Small irregularities prove a 100% handmade [&hellip;]<\/p>","protected":false},"featured_media":104305,"comment_status":"closed","ping_status":"closed","template":"","meta":{"_acf_changed":false},"product_brand":[],"product_cat":[2727],"product_tag":[3412,3415,3413,3416,3411,2928,3419,3173,3414,3420,3417,3418,1124],"class_list":{"0":"post-104293","1":"product","2":"type-product","3":"status-publish","4":"has-post-thumbnail","6":"product_cat-tiles","7":"product_tag-ceramic-house-number","8":"product_tag-ceramic-house-sign","9":"product_tag-ceramic-numbers","10":"product_tag-ceramic-plaque","11":"product_tag-cobalt-blue","12":"product_tag-cottagecore-decor","13":"product_tag-custom-house-number","14":"product_tag-decorative-pottery","15":"product_tag-door-number-sign","16":"product_tag-floral-house-number","17":"product_tag-front-door-sign","18":"product_tag-tile-house-number","19":"product_tag-vintage-ceramic","20":"product_shipping_class-small-package","22":"first","23":"instock","24":"taxable","25":"shipping-taxable","26":"purchasable","27":"product-type-variable","28":"wvs-archive-product-wrapper"},"acf":[],"gallery_images":[104306,104307,104308,104309,104310,104311,104312,104313,104314,104315,104316,104317,104318,104319,104320],"_links":{"self":[{"href":"https:\/\/www.padaworks.com\/pt\/wp-json\/wp\/v2\/product\/104293","targetHints":{"allow":["GET"]}}],"collection":[{"href":"https:\/\/www.padaworks.com\/pt\/wp-json\/wp\/v2\/product"}],"about":[{"href":"https:\/\/www.padaworks.com\/pt\/wp-json\/wp\/v2\/types\/product"}],"replies":[{"embeddable":true,"href":"https:\/\/www.padaworks.com\/pt\/wp-json\/wp\/v2\/comments?post=104293"}],"wp:featuredmedia":[{"embeddable":true,"href":"https:\/\/www.padaworks.com\/pt\/wp-json\/wp\/v2\/media\/104305"}],"wp:attachment":[{"href":"https:\/\/www.padaworks.com\/pt\/wp-json\/wp\/v2\/media?parent=104293"}],"wp:term":[{"taxonomy":"product_brand","embeddable":true,"href":"https:\/\/www.padaworks.com\/pt\/wp-json\/wp\/v2\/product_brand?post=104293"},{"taxonomy":"product_cat","embeddable":true,"href":"https:\/\/www.padaworks.com\/pt\/wp-json\/wp\/v2\/product_cat?post=104293"},{"taxonomy":"product_tag","embeddable":true,"href":"https:\/\/www.padaworks.com\/pt\/wp-json\/wp\/v2\/product_tag?post=104293"}],"curies":[{"name":"wp","href":"https:\/\/api.w.org\/{rel}","templated":true}]}}