{"id":104270,"date":"2026-02-27T14:50:24","date_gmt":"2026-02-27T14:50:24","guid":{"rendered":"https:\/\/www.padaworks.com\/?post_type=product&#038;p=104270"},"modified":"2026-02-27T14:50:32","modified_gmt":"2026-02-27T14:50:32","slug":"decoracao-de-parede-de-borboletas-coloridas-em-vidro","status":"publish","type":"product","link":"https:\/\/www.padaworks.com\/pt\/product\/decoracao-de-parede-de-borboletas-coloridas-em-vidro\/","title":{"rendered":"Borboletas coloridas vidradas - Decora\u00e7\u00e3o de parede"},"content":{"rendered":"<p>Borboletas coloridas vidradas<\/p>\n<p>Borboletas de cer\u00e2mica pintadas \u00e0 m\u00e3o com um acabamento vidrado que lhes confere cores vibrantes. Borboletas feitas \u00e0 m\u00e3o. Dispon\u00edvel em dois modelos.<br \/>\nPerfeito para decorar a sua casa, como presente ou at\u00e9 mesmo como presente de casamento.<\/p>\n<p>Feito \u00e0 m\u00e3o<br \/>\nPequenas irregularidades comprovam um trabalho artesanal 100% e pe\u00e7as \u00fanicas!<br \/>\nFabricado em Portugal<\/p>\n<p>Dimens\u00f5es:<br \/>\nBorboleta azul-amarela<br \/>\nC - 26 cm, L - 23 cm, P - 4 cm<br \/>\nC - 10,2 pol., L - 9,1 pol., P - 1,6 pol.<\/p>\n<p>Borboleta verde<br \/>\nC - 26 cm, L - 19 cm, P - 4 cm<br \/>\nC - 10,2 pol., L - 7,5 pol., P - 1,6 pol.<\/p>\n<p>O acabamento vidrado pode, por vezes, apresentar pequenas linhas e deforma\u00e7\u00f5es normais do processo de produ\u00e7\u00e3o manual.<\/p>\n<p>As dimens\u00f5es podem variar ligeiramente.<\/p>","protected":false},"excerpt":{"rendered":"<p>Glazed Colorful Butterflies Ceramic butterflies painted by hand with a glazed finish that gives them vibrant colors. Handcrafted butterflies. Available in two models. Perfect for decorating your home, as a gift, or even as a wedding gift. Artisan Made Small irregularities prove a 100% handmade work and unique pieces! Made in Portugal Dimensions: Blue-Yellow Butterfly [&hellip;]<\/p>","protected":false},"featured_media":104273,"comment_status":"closed","ping_status":"closed","template":"","meta":{"_acf_changed":false},"product_brand":[],"product_cat":[2726],"product_tag":[3398,2330,1377,1738,1741,3406,3408,665,583,1610,3404,94,3407],"class_list":{"0":"post-104270","1":"product","2":"type-product","3":"status-publish","4":"has-post-thumbnail","6":"product_cat-butterflies","7":"product_tag-blue-butterfly","8":"product_tag-butterflies","9":"product_tag-butterfly-ornament","10":"product_tag-ceramic-set","11":"product_tag-ceramics-handmade","12":"product_tag-green-butterfly","13":"product_tag-large-butterfly","14":"product_tag-portuguese-pottery","15":"product_tag-rustic-home-decor","16":"product_tag-sympathy-gift","17":"product_tag-wall-ceramic-art","18":"product_tag-wall-decor","19":"product_tag-yellow-butterflies","20":"product_shipping_class-small-package","22":"first","23":"instock","24":"taxable","25":"shipping-taxable","26":"purchasable","27":"product-type-variable","28":"has-default-attributes","29":"wvs-archive-product-wrapper"},"acf":[],"gallery_images":[104274,104275,104276,104277,104278],"_links":{"self":[{"href":"https:\/\/www.padaworks.com\/pt\/wp-json\/wp\/v2\/product\/104270","targetHints":{"allow":["GET"]}}],"collection":[{"href":"https:\/\/www.padaworks.com\/pt\/wp-json\/wp\/v2\/product"}],"about":[{"href":"https:\/\/www.padaworks.com\/pt\/wp-json\/wp\/v2\/types\/product"}],"replies":[{"embeddable":true,"href":"https:\/\/www.padaworks.com\/pt\/wp-json\/wp\/v2\/comments?post=104270"}],"wp:featuredmedia":[{"embeddable":true,"href":"https:\/\/www.padaworks.com\/pt\/wp-json\/wp\/v2\/media\/104273"}],"wp:attachment":[{"href":"https:\/\/www.padaworks.com\/pt\/wp-json\/wp\/v2\/media?parent=104270"}],"wp:term":[{"taxonomy":"product_brand","embeddable":true,"href":"https:\/\/www.padaworks.com\/pt\/wp-json\/wp\/v2\/product_brand?post=104270"},{"taxonomy":"product_cat","embeddable":true,"href":"https:\/\/www.padaworks.com\/pt\/wp-json\/wp\/v2\/product_cat?post=104270"},{"taxonomy":"product_tag","embeddable":true,"href":"https:\/\/www.padaworks.com\/pt\/wp-json\/wp\/v2\/product_tag?post=104270"}],"curies":[{"name":"wp","href":"https:\/\/api.w.org\/{rel}","templated":true}]}}