{"id":104175,"date":"2026-02-25T15:28:38","date_gmt":"2026-02-25T15:28:38","guid":{"rendered":"https:\/\/www.padaworks.com\/?post_type=product&#038;p=104175"},"modified":"2026-02-25T15:28:43","modified_gmt":"2026-02-25T15:28:43","slug":"cesto-para-bonecas-pequenas-cesto-para-bebe","status":"publish","type":"product","link":"https:\/\/www.padaworks.com\/pt\/product\/cesto-para-bonecas-pequenas-cesto-para-bebe\/","title":{"rendered":"Cesto de bonecas pequeno - Cesto para beb\u00e9"},"content":{"rendered":"<p>Cesto de bonecas pequeno 60x30x17cm<\/p>\n<p>Cesto feito de palma, uma planta natural, feito \u00e0 m\u00e3o. Sustent\u00e1vel e vegan.<br \/>\nUma vez que \u00e9 fabricado a partir de um produto natural, pode haver varia\u00e7\u00f5es naturais na cor.<\/p>\n<p>Dimens\u00f5es:<br \/>\nC - 60 cm, L - 30 cm, A - 17 cm<br \/>\nC - 23,6 pol., L - 11,8 pol., A - 6,7 pol.<\/p>\n<p>As dimens\u00f5es podem variar ligeiramente<\/p>","protected":false},"excerpt":{"rendered":"<p>Small Doll Basket 60x30x17cm Basket made from palm, a natural plant, handmade. Sustainable and vegan. Because it is made from a natural product, there may be natural variations in color. Dimensions: L &#8211; 60 cm, W &#8211; 30 cm, H &#8211; 17 cm L &#8211; 23,6 in, W &#8211; 11,8 in, H &#8211; 6,7 in [&hellip;]<\/p>","protected":false},"featured_media":104176,"comment_status":"closed","ping_status":"closed","template":"","meta":{"_acf_changed":false},"product_brand":[],"product_cat":[2721],"product_tag":[1536,3237,3395,968,2009,3241,1036,3240,839,3236,3239,3393,3396,2781,3233,3238,1528,1437,3392,2776,3235,538],"class_list":{"0":"post-104175","1":"product","2":"type-product","3":"status-publish","4":"has-post-thumbnail","6":"product_cat-decorative","7":"product_tag-baby-basket","8":"product_tag-baby-changing-pad","9":"product_tag-baby-essentials","10":"product_tag-baby-gift","11":"product_tag-baby-gift-basket","12":"product_tag-baby-organization","13":"product_tag-baby-room","14":"product_tag-baby-room-decor","15":"product_tag-baby-shower-gift","16":"product_tag-changing-basket","17":"product_tag-doll-basket","18":"product_tag-doll-storage","19":"product_tag-moses-basket","20":"product_tag-new-baby-gift","21":"product_tag-newborn-basket","22":"product_tag-newborn-gift-basket","23":"product_tag-nursery-basket","24":"product_tag-nursery-decor","25":"product_tag-portable-basket","26":"product_tag-sustainable-decor","27":"product_tag-welcome-baby","28":"product_tag-woven-basket","29":"product_shipping_class-large-package","31":"first","32":"instock","33":"taxable","34":"shipping-taxable","35":"purchasable","36":"product-type-simple"},"acf":[],"gallery_images":[104177,104178,104179,104180,104181,104182],"_links":{"self":[{"href":"https:\/\/www.padaworks.com\/pt\/wp-json\/wp\/v2\/product\/104175","targetHints":{"allow":["GET"]}}],"collection":[{"href":"https:\/\/www.padaworks.com\/pt\/wp-json\/wp\/v2\/product"}],"about":[{"href":"https:\/\/www.padaworks.com\/pt\/wp-json\/wp\/v2\/types\/product"}],"replies":[{"embeddable":true,"href":"https:\/\/www.padaworks.com\/pt\/wp-json\/wp\/v2\/comments?post=104175"}],"wp:featuredmedia":[{"embeddable":true,"href":"https:\/\/www.padaworks.com\/pt\/wp-json\/wp\/v2\/media\/104176"}],"wp:attachment":[{"href":"https:\/\/www.padaworks.com\/pt\/wp-json\/wp\/v2\/media?parent=104175"}],"wp:term":[{"taxonomy":"product_brand","embeddable":true,"href":"https:\/\/www.padaworks.com\/pt\/wp-json\/wp\/v2\/product_brand?post=104175"},{"taxonomy":"product_cat","embeddable":true,"href":"https:\/\/www.padaworks.com\/pt\/wp-json\/wp\/v2\/product_cat?post=104175"},{"taxonomy":"product_tag","embeddable":true,"href":"https:\/\/www.padaworks.com\/pt\/wp-json\/wp\/v2\/product_tag?post=104175"}],"curies":[{"name":"wp","href":"https:\/\/api.w.org\/{rel}","templated":true}]}}