{"id":104007,"date":"2026-02-20T19:08:45","date_gmt":"2026-02-20T19:08:45","guid":{"rendered":"https:\/\/www.padaworks.com\/?post_type=product&#038;p=104007"},"modified":"2026-02-20T19:09:06","modified_gmt":"2026-02-20T19:09:06","slug":"estrela-do-mar-em-ceramica-vidrada","status":"publish","type":"product","link":"https:\/\/www.padaworks.com\/pt\/product\/estrela-do-mar-em-ceramica-vidrada\/","title":{"rendered":"Estrela do mar em cer\u00e2mica vidrada"},"content":{"rendered":"<p>Estrela do mar em cer\u00e2mica vidrada<\/p>\n<p>Estas estrelas-do-mar em cer\u00e2mica s\u00e3o \u00fanicas!<br \/>\nDesde o trabalho de extra\u00e7\u00e3o, a prepara\u00e7\u00e3o e a moldagem do barro s\u00e3o feitas \u00e0 m\u00e3o. A pintura \u00e9 tamb\u00e9m efectuada \u00e0 m\u00e3o.<br \/>\nUma pe\u00e7a de arte \u00fanica perfeita para a decora\u00e7\u00e3o<\/p>\n<p>Feito \u00e0 m\u00e3o<br \/>\nPequenas irregularidades comprovam um trabalho artesanal 100% e pe\u00e7as \u00fanicas!<br \/>\nFabricado em Portugal<\/p>\n<p>Dimens\u00f5es:<br \/>\nC - 19 cm, L - 19 cm, P - 5 cm<br \/>\nC - 7,5 pol., L - 7,5 pol., P - 2,0 pol.<\/p>\n<p>T\u00eam um orif\u00edcio para pendurar na parede.<br \/>\nAs dimens\u00f5es podem variar ligeiramente.<\/p>","protected":false},"excerpt":{"rendered":"<p>Glazed Ceramic Starfish These ceramic starfish are unique! From the extraction work, preparation and molding of the clay are done by hand. The painting is also done by hand. A unique piece of art perfect for the decoration Artisan Made Small irregularities prove a 100% handmade work and unique pieces! Made in Portugal Dimensions: L [&hellip;]<\/p>","protected":false},"featured_media":104012,"comment_status":"closed","ping_status":"closed","template":"","meta":{"_acf_changed":false},"product_brand":[],"product_cat":[1551,1799],"product_tag":[3377,1401,3375,1008,494,1466,493,3376,3371,3373,3372,3383,3384,3370,3374,3369,3382,1124,680],"class_list":{"0":"post-104007","1":"product","2":"type-product","3":"status-publish","4":"has-post-thumbnail","6":"product_cat-fishes","7":"product_cat-little-treasoures","8":"product_tag-balcony-decor","9":"product_tag-beach-house-decor","10":"product_tag-blue-starfish","11":"product_tag-ceramic-wall-art","12":"product_tag-ceramic-wall-hanging","13":"product_tag-handmade-ceramic","14":"product_tag-outdoor-wall-decor","15":"product_tag-painted-starfish","16":"product_tag-sea-glass-starfish","17":"product_tag-seashells","18":"product_tag-starfish","19":"product_tag-starfish-art","20":"product_tag-starfish-decor","21":"product_tag-starfish-decorations","22":"product_tag-starfish-gifts","23":"product_tag-starfish-ornament","24":"product_tag-starfish-wall-hanging","25":"product_tag-vintage-ceramic","26":"product_tag-wall-hanging","27":"product_shipping_class-small-package","29":"first","30":"instock","31":"taxable","32":"shipping-taxable","33":"purchasable","34":"product-type-variable","35":"has-default-attributes","36":"wvs-archive-product-wrapper"},"acf":[],"gallery_images":[104013,104014,104015,104016,104017,104018,104019,104020,104021,104022],"_links":{"self":[{"href":"https:\/\/www.padaworks.com\/pt\/wp-json\/wp\/v2\/product\/104007","targetHints":{"allow":["GET"]}}],"collection":[{"href":"https:\/\/www.padaworks.com\/pt\/wp-json\/wp\/v2\/product"}],"about":[{"href":"https:\/\/www.padaworks.com\/pt\/wp-json\/wp\/v2\/types\/product"}],"replies":[{"embeddable":true,"href":"https:\/\/www.padaworks.com\/pt\/wp-json\/wp\/v2\/comments?post=104007"}],"wp:featuredmedia":[{"embeddable":true,"href":"https:\/\/www.padaworks.com\/pt\/wp-json\/wp\/v2\/media\/104012"}],"wp:attachment":[{"href":"https:\/\/www.padaworks.com\/pt\/wp-json\/wp\/v2\/media?parent=104007"}],"wp:term":[{"taxonomy":"product_brand","embeddable":true,"href":"https:\/\/www.padaworks.com\/pt\/wp-json\/wp\/v2\/product_brand?post=104007"},{"taxonomy":"product_cat","embeddable":true,"href":"https:\/\/www.padaworks.com\/pt\/wp-json\/wp\/v2\/product_cat?post=104007"},{"taxonomy":"product_tag","embeddable":true,"href":"https:\/\/www.padaworks.com\/pt\/wp-json\/wp\/v2\/product_tag?post=104007"}],"curies":[{"name":"wp","href":"https:\/\/api.w.org\/{rel}","templated":true}]}}