{"id":103999,"date":"2026-02-20T17:56:08","date_gmt":"2026-02-20T17:56:08","guid":{"rendered":"https:\/\/www.padaworks.com\/?post_type=product&#038;p=103999"},"modified":"2026-04-04T10:03:04","modified_gmt":"2026-04-04T10:03:04","slug":"porta-palitos-de-sardinha","status":"publish","type":"product","link":"https:\/\/www.padaworks.com\/pt\/product\/porta-palitos-de-sardinha\/","title":{"rendered":"Porta palitos de sardinha"},"content":{"rendered":"<p>Porta palitos de sardinha<\/p>\n<p>Este porta palitos \u00e9 feito \u00e0 m\u00e3o e tem um acabamento vidrado. Uma vez que o processo de produ\u00e7\u00e3o \u00e9 artesanal, cada pe\u00e7a \u00e9 \u00fanica.<br \/>\nUma prenda para um amigo, para a sua m\u00e3e ou simplesmente uma prenda para si.<br \/>\nUma pe\u00e7a tradicional portuguesa perfeita para a decora\u00e7\u00e3o da sua cozinha r\u00fastica.<\/p>\n<p>Feito \u00e0 m\u00e3o<br \/>\nFeito em Portugal com dedica\u00e7\u00e3o e amor!!<\/p>\n<p>Dimens\u00f5es:<br \/>\nC - 18 cm, L - 3,5 cm, A - 2 cm<br \/>\nC - 7,1 pol., L - 1,4 pol., A - 0,8 pol.<\/p>\n<p>As dimens\u00f5es podem variar ligeiramente.<\/p>","protected":false},"excerpt":{"rendered":"<p>Sardine Toothpick Holder This toothpick holder is handmade and has a glazed finish. Since the production process is handcrafted, each piece is unique. A gift to a friend, your mother or simply a gift for yourself. A traditional portuguese piece perfect for your rustic kitchen decor. Artisan Made Made in Portugal with dedication and love!! [&hellip;]<\/p>","protected":false},"featured_media":104002,"comment_status":"closed","ping_status":"closed","template":"","meta":{"_acf_changed":false},"product_brand":[],"product_cat":[1551,1767],"product_tag":[1560,3363,3362,1023,331,328,3360,1229,2572,3361,2508,3358,3367,3366,3356,3359,3357,3364,3365],"class_list":{"0":"post-103999","1":"product","2":"type-product","3":"status-publish","4":"has-post-thumbnail","6":"product_cat-fishes","7":"product_cat-kitchenware","8":"product_tag-ceramic-sardine","9":"product_tag-ceramic-storage","10":"product_tag-ceramic-toothpick-holder","11":"product_tag-gift-for-mom","12":"product_tag-kitchen-decor","13":"product_tag-kitchen-storage","14":"product_tag-kitchen-utensils","15":"product_tag-new-home-gift","16":"product_tag-one-of-kind","17":"product_tag-portable-toothpick","18":"product_tag-portuguese-decor","19":"product_tag-sardine-lovers","20":"product_tag-sardines-decor","21":"product_tag-sardines-gifts","22":"product_tag-toothpick-container","23":"product_tag-toothpick-dispensers","24":"product_tag-toothpick-jar","25":"product_tag-toothpick-storage","26":"product_tag-unique-gift","27":"product_shipping_class-small-package","29":"first","30":"instock","31":"taxable","32":"shipping-taxable","33":"purchasable","34":"product-type-variable","35":"has-default-attributes","36":"wvs-archive-product-wrapper"},"acf":[],"gallery_images":[104003,104004,104005,104006],"_links":{"self":[{"href":"https:\/\/www.padaworks.com\/pt\/wp-json\/wp\/v2\/product\/103999","targetHints":{"allow":["GET"]}}],"collection":[{"href":"https:\/\/www.padaworks.com\/pt\/wp-json\/wp\/v2\/product"}],"about":[{"href":"https:\/\/www.padaworks.com\/pt\/wp-json\/wp\/v2\/types\/product"}],"replies":[{"embeddable":true,"href":"https:\/\/www.padaworks.com\/pt\/wp-json\/wp\/v2\/comments?post=103999"}],"wp:featuredmedia":[{"embeddable":true,"href":"https:\/\/www.padaworks.com\/pt\/wp-json\/wp\/v2\/media\/104002"}],"wp:attachment":[{"href":"https:\/\/www.padaworks.com\/pt\/wp-json\/wp\/v2\/media?parent=103999"}],"wp:term":[{"taxonomy":"product_brand","embeddable":true,"href":"https:\/\/www.padaworks.com\/pt\/wp-json\/wp\/v2\/product_brand?post=103999"},{"taxonomy":"product_cat","embeddable":true,"href":"https:\/\/www.padaworks.com\/pt\/wp-json\/wp\/v2\/product_cat?post=103999"},{"taxonomy":"product_tag","embeddable":true,"href":"https:\/\/www.padaworks.com\/pt\/wp-json\/wp\/v2\/product_tag?post=103999"}],"curies":[{"name":"wp","href":"https:\/\/api.w.org\/{rel}","templated":true}]}}