{"id":103986,"date":"2026-02-20T15:42:20","date_gmt":"2026-02-20T15:42:20","guid":{"rendered":"https:\/\/www.padaworks.com\/?post_type=product&#038;p=103986"},"modified":"2026-02-20T15:42:27","modified_gmt":"2026-02-20T15:42:27","slug":"caneca-de-girassol-caneca-de-7-oz","status":"publish","type":"product","link":"https:\/\/www.padaworks.com\/pt\/product\/caneca-de-girassol-caneca-de-7-oz\/","title":{"rendered":"Caneca de girassol - Caneca de 7 oz"},"content":{"rendered":"<p>Caneca de girassol - Caneca de 7 oz<\/p>\n<p>Uma bela caneca para saborear o seu caf\u00e9, ch\u00e1 ou leite.<br \/>\nEsta caneca \u00e9 feita \u00e0 m\u00e3o e tem um acabamento vidrado. Uma vez que o processo de produ\u00e7\u00e3o \u00e9 artesanal, cada caneca \u00e9 \u00fanica.<br \/>\nUma prenda para um amigo, para a sua m\u00e3e ou simplesmente uma prenda para si.<br \/>\nUma pe\u00e7a tradicional portuguesa perfeita para a decora\u00e7\u00e3o da sua cozinha r\u00fastica.<\/p>\n<p>Feito \u00e0 m\u00e3o<br \/>\nFabricado em Portugal<\/p>\n<p>Dimens\u00f5es:<br \/>\n\u00d8 - 8 cm, H - 7 cm<br \/>\n\u00d8 - 3,1 in, H - 2,8 in<\/p>\n<p>Capacidade: 200ml; 7oz<\/p>\n<p>As dimens\u00f5es podem variar ligeiramente.<\/p>","protected":false},"excerpt":{"rendered":"<p>Sunflower Mug &#8211; 7oz Mug A beautiful mug to enjoy your coffee, tea or milk. This mug is handmade and has a glazed finish. Since the production process is handcrafted, each mug is unique. A gift to a friend, your mother or simply a gift for yourself. A traditional portuguese piece perfect for your rustic [&hellip;]<\/p>","protected":false},"featured_media":103989,"comment_status":"closed","ping_status":"closed","template":"","meta":{"_acf_changed":false},"product_brand":[],"product_cat":[1767],"product_tag":[3349,2218,2211,3352,2207,2953,1682,2198,3353,3351,3163,3354,3350],"class_list":{"0":"post-103986","1":"product","2":"type-product","3":"status-publish","4":"has-post-thumbnail","6":"product_cat-kitchenware","7":"product_tag-7oz-mug","8":"product_tag-ceramic-coffee-mug","9":"product_tag-handmade-ceramic-mug","10":"product_tag-majolica-mugs","11":"product_tag-mug-gift","12":"product_tag-olfaire-pottery","13":"product_tag-portuguese-ceramics","14":"product_tag-stoneware-mug","15":"product_tag-sunflower-lovers","16":"product_tag-unique-mug","17":"product_tag-vintage-majolica","18":"product_tag-white-mug","19":"product_tag-yellow-mug","20":"product_shipping_class-small-package","22":"first","23":"instock","24":"taxable","25":"shipping-taxable","26":"purchasable","27":"product-type-variable","28":"has-default-attributes","29":"wvs-archive-product-wrapper"},"acf":[],"gallery_images":[103990,103991,103992,103993,103994],"_links":{"self":[{"href":"https:\/\/www.padaworks.com\/pt\/wp-json\/wp\/v2\/product\/103986","targetHints":{"allow":["GET"]}}],"collection":[{"href":"https:\/\/www.padaworks.com\/pt\/wp-json\/wp\/v2\/product"}],"about":[{"href":"https:\/\/www.padaworks.com\/pt\/wp-json\/wp\/v2\/types\/product"}],"replies":[{"embeddable":true,"href":"https:\/\/www.padaworks.com\/pt\/wp-json\/wp\/v2\/comments?post=103986"}],"wp:featuredmedia":[{"embeddable":true,"href":"https:\/\/www.padaworks.com\/pt\/wp-json\/wp\/v2\/media\/103989"}],"wp:attachment":[{"href":"https:\/\/www.padaworks.com\/pt\/wp-json\/wp\/v2\/media?parent=103986"}],"wp:term":[{"taxonomy":"product_brand","embeddable":true,"href":"https:\/\/www.padaworks.com\/pt\/wp-json\/wp\/v2\/product_brand?post=103986"},{"taxonomy":"product_cat","embeddable":true,"href":"https:\/\/www.padaworks.com\/pt\/wp-json\/wp\/v2\/product_cat?post=103986"},{"taxonomy":"product_tag","embeddable":true,"href":"https:\/\/www.padaworks.com\/pt\/wp-json\/wp\/v2\/product_tag?post=103986"}],"curies":[{"name":"wp","href":"https:\/\/api.w.org\/{rel}","templated":true}]}}