{"id":103978,"date":"2026-02-20T15:12:12","date_gmt":"2026-02-20T15:12:12","guid":{"rendered":"https:\/\/www.padaworks.com\/?post_type=product&#038;p=103978"},"modified":"2026-03-18T12:23:33","modified_gmt":"2026-03-18T12:23:33","slug":"conjunto-de-2-galheteiros-de-ceramica-para-couves-025l","status":"publish","type":"product","link":"https:\/\/www.padaworks.com\/pt\/product\/conjunto-de-2-galheteiros-de-ceramica-para-couves-025l\/","title":{"rendered":"Conjunto de 2 galheteiros de cer\u00e2mica para couves 0,25L"},"content":{"rendered":"<p>Conjunto de 2 galheteiros de cer\u00e2mica para couves 0,25L<\/p>\n<p>Conjunto de duas pe\u00e7as com rolha e prato.<br \/>\nFabricado em cer\u00e2mica com acabamento vidrado e feito \u00e0 m\u00e3o.<br \/>\nUma prenda para um amigo, para a sua m\u00e3e ou simplesmente uma prenda para si.<br \/>\nUma pe\u00e7a tradicional portuguesa perfeita para a decora\u00e7\u00e3o da sua cozinha r\u00fastica.<\/p>\n<p>Feito \u00e0 m\u00e3o<br \/>\nFabricado em Portugal<\/p>\n<p>Dimens\u00f5es:<br \/>\nC - 24 cm, L - 11 cm, A - 19 cm<br \/>\nC - 9,4 pol., L - 4,3 pol., A - 7,5 pol.<\/p>\n<p>Capacidade: 0,25L cada um; 8oz cada um<\/p>\n<p>As dimens\u00f5es podem variar ligeiramente.<\/p>","protected":false},"excerpt":{"rendered":"<p>Set of 2 Ceramic Cabbage Cruet 0,25L Two-piece set with stopper and plate. Made of ceramic with a glazed finish and handmade. A gift to a friend, your mother or simply a gift for yourself. A traditional portuguese piece perfect for your rustic kitchen decor. Artisan Made Made in Portugal Dimensions: L &#8211; 24 cm, [&hellip;]<\/p>","protected":false},"featured_media":103979,"comment_status":"closed","ping_status":"closed","template":"","meta":{"_acf_changed":false},"product_brand":[],"product_cat":[1767],"product_tag":[3348,2901,3344,2310,1023,2557,2951,3345,2560,2953,2558,3346,2896,2303,2559],"class_list":{"0":"post-103978","1":"product","2":"type-product","3":"status-publish","4":"has-post-thumbnail","6":"product_cat-kitchenware","7":"product_tag-antique-cruet","8":"product_tag-cabbage-lovers","9":"product_tag-ceramic-cookware","10":"product_tag-cottage-decor","11":"product_tag-gift-for-mom","12":"product_tag-handmade-cruet","13":"product_tag-majolica-pottery","14":"product_tag-oil-cruet","15":"product_tag-oil-dispenser","16":"product_tag-olfaire-pottery","17":"product_tag-olive-oil-cruet","18":"product_tag-olive-oil-dispenser","19":"product_tag-rustic-kitchen-decor","20":"product_tag-storage-containers","21":"product_tag-vintage-cruet","22":"product_shipping_class-small-package","24":"first","25":"onbackorder","26":"sale","27":"taxable","28":"shipping-taxable","29":"purchasable","30":"product-type-simple"},"acf":[],"gallery_images":[103980,103981,103982,103983,103984,103985],"_links":{"self":[{"href":"https:\/\/www.padaworks.com\/pt\/wp-json\/wp\/v2\/product\/103978","targetHints":{"allow":["GET"]}}],"collection":[{"href":"https:\/\/www.padaworks.com\/pt\/wp-json\/wp\/v2\/product"}],"about":[{"href":"https:\/\/www.padaworks.com\/pt\/wp-json\/wp\/v2\/types\/product"}],"replies":[{"embeddable":true,"href":"https:\/\/www.padaworks.com\/pt\/wp-json\/wp\/v2\/comments?post=103978"}],"wp:featuredmedia":[{"embeddable":true,"href":"https:\/\/www.padaworks.com\/pt\/wp-json\/wp\/v2\/media\/103979"}],"wp:attachment":[{"href":"https:\/\/www.padaworks.com\/pt\/wp-json\/wp\/v2\/media?parent=103978"}],"wp:term":[{"taxonomy":"product_brand","embeddable":true,"href":"https:\/\/www.padaworks.com\/pt\/wp-json\/wp\/v2\/product_brand?post=103978"},{"taxonomy":"product_cat","embeddable":true,"href":"https:\/\/www.padaworks.com\/pt\/wp-json\/wp\/v2\/product_cat?post=103978"},{"taxonomy":"product_tag","embeddable":true,"href":"https:\/\/www.padaworks.com\/pt\/wp-json\/wp\/v2\/product_tag?post=103978"}],"curies":[{"name":"wp","href":"https:\/\/api.w.org\/{rel}","templated":true}]}}