{"id":103965,"date":"2026-02-20T14:41:25","date_gmt":"2026-02-20T14:41:25","guid":{"rendered":"https:\/\/www.padaworks.com\/?post_type=product&#038;p=103965"},"modified":"2026-02-20T14:41:41","modified_gmt":"2026-02-20T14:41:41","slug":"caneca-de-uvas-caneca-de-12-oz","status":"publish","type":"product","link":"https:\/\/www.padaworks.com\/pt\/product\/caneca-de-uvas-caneca-de-12-oz\/","title":{"rendered":"Caneca de uvas - Caneca de 12 oz"},"content":{"rendered":"<p>Caneca de uvas - Caneca de 12 oz<\/p>\n<p>Fabricado em cer\u00e2mica com acabamento vidrado e feito \u00e0 m\u00e3o.<br \/>\nUma prenda para um amigo, para a sua m\u00e3e ou simplesmente uma prenda para si.<br \/>\nUma pe\u00e7a tradicional portuguesa perfeita para a decora\u00e7\u00e3o da sua cozinha r\u00fastica.<\/p>\n<p>Feito \u00e0 m\u00e3o<br \/>\nFabricado em Portugal<\/p>\n<p>Dimens\u00f5es:<br \/>\n\u00d8 \u2013 9 cm, A \u2013 10 cm<br \/>\n\u00d8 \u2013 3,5 pol., A \u2013 3,9 pol.<\/p>\n<p>Capacidade: 350 ml; 12 on\u00e7as<\/p>\n<p>As dimens\u00f5es podem variar ligeiramente.<\/p>","protected":false},"excerpt":{"rendered":"<p>Grapes Mug &#8211; 12oz Mug Made of ceramic with a glazed finish and handmade. A gift to a friend, your mother or simply a gift for yourself. A traditional portuguese piece perfect for your rustic kitchen decor. Artisan Made Made in Portugal Dimensions: \u00d8 &#8211; 9 cm, H &#8211; 10 cm \u00d8 &#8211; 3,5 in, [&hellip;]<\/p>","protected":false},"featured_media":103969,"comment_status":"closed","ping_status":"closed","template":"","meta":{"_acf_changed":false},"product_brand":[],"product_cat":[1767],"product_tag":[2192,2902,2904,1760,3342,3343,2949,2953,1682,2908,2896,2191,1124],"class_list":{"0":"post-103965","1":"product","2":"type-product","3":"status-publish","4":"has-post-thumbnail","6":"product_cat-kitchenware","7":"product_tag-ceramic-mugs","8":"product_tag-coffee-mug","9":"product_tag-food-decor","10":"product_tag-funny-gift","11":"product_tag-grape-ceramic-mug","12":"product_tag-grape-vines","13":"product_tag-majolica","14":"product_tag-olfaire-pottery","15":"product_tag-portuguese-ceramics","16":"product_tag-pottery-mug","17":"product_tag-rustic-kitchen-decor","18":"product_tag-tea-mug","19":"product_tag-vintage-ceramic","21":"first","22":"instock","23":"taxable","24":"shipping-taxable","25":"purchasable","26":"product-type-variable","27":"has-default-attributes","28":"wvs-archive-product-wrapper"},"acf":[],"gallery_images":[103970,103971,103972,103973,103974,103975,103976,103977],"_links":{"self":[{"href":"https:\/\/www.padaworks.com\/pt\/wp-json\/wp\/v2\/product\/103965","targetHints":{"allow":["GET"]}}],"collection":[{"href":"https:\/\/www.padaworks.com\/pt\/wp-json\/wp\/v2\/product"}],"about":[{"href":"https:\/\/www.padaworks.com\/pt\/wp-json\/wp\/v2\/types\/product"}],"replies":[{"embeddable":true,"href":"https:\/\/www.padaworks.com\/pt\/wp-json\/wp\/v2\/comments?post=103965"}],"wp:featuredmedia":[{"embeddable":true,"href":"https:\/\/www.padaworks.com\/pt\/wp-json\/wp\/v2\/media\/103969"}],"wp:attachment":[{"href":"https:\/\/www.padaworks.com\/pt\/wp-json\/wp\/v2\/media?parent=103965"}],"wp:term":[{"taxonomy":"product_brand","embeddable":true,"href":"https:\/\/www.padaworks.com\/pt\/wp-json\/wp\/v2\/product_brand?post=103965"},{"taxonomy":"product_cat","embeddable":true,"href":"https:\/\/www.padaworks.com\/pt\/wp-json\/wp\/v2\/product_cat?post=103965"},{"taxonomy":"product_tag","embeddable":true,"href":"https:\/\/www.padaworks.com\/pt\/wp-json\/wp\/v2\/product_tag?post=103965"}],"curies":[{"name":"wp","href":"https:\/\/api.w.org\/{rel}","templated":true}]}}