{"id":103796,"date":"2026-02-16T16:00:14","date_gmt":"2026-02-16T16:00:14","guid":{"rendered":"https:\/\/www.padaworks.com\/?post_type=product&#038;p=103796"},"modified":"2026-02-16T16:00:20","modified_gmt":"2026-02-16T16:00:20","slug":"tapete-verde-de-corredor-50x200cm-tapete-com-nos","status":"publish","type":"product","link":"https:\/\/www.padaworks.com\/pt\/product\/tapete-verde-de-corredor-50x200cm-tapete-com-nos\/","title":{"rendered":"Tapete Runner Verde - 50x200cm - Tapete atado"},"content":{"rendered":"<p>Tapete Runner Verde 200cm<\/p>\n<p>Este tapete \u00e9 tecido num tear manual com tecidos reutilizados.<br \/>\nOs nossos tapetes s\u00e3o robustos, leves e podem ser lavados regularmente \u00e0 m\u00e3o ou \u00e0 m\u00e1quina.<br \/>\n\u00c9 ecol\u00f3gico porque reutiliza a mat\u00e9ria-prima desperdi\u00e7ada pela ind\u00fastria t\u00eaxtil.<br \/>\nRecomendamos a lavagem a frio ou a 30\u00b0C.<br \/>\nUma vez que este tapete \u00e9 fabricado com produtos reciclados das ind\u00fastrias t\u00eaxteis, pode haver ligeiras varia\u00e7\u00f5es de cor.<\/p>\n<p>Feito \u00e0 m\u00e3o<br \/>\nFeito em Portugal com produtos portugueses, dedica\u00e7\u00e3o e amor!!<\/p>\n<p>Dimens\u00f5es:<br \/>\nC - 200 cm, L - 50 cm<br \/>\nC - 78,7 pol., L - 19,7 pol.<br \/>\nC - 6,6 p\u00e9s, L - 1,6 p\u00e9s<br \/>\nEspessura - cerca de 0,5 cm; 0,2 in<\/p>\n<p>As dimens\u00f5es podem variar ligeiramente.<\/p>","protected":false},"excerpt":{"rendered":"<p>Runner Green Rug 200cm This rug is woven in a manual loom with fabrics reused. Our rugs are robust, light, and can be regularly washed by hand or machine. It is ecological because they reuse raw material wasted by the textil industry. We recommend cold washing or to 30\u00b0C. Since this rug is made with [&hellip;]<\/p>","protected":false},"featured_media":103797,"comment_status":"closed","ping_status":"closed","template":"","meta":{"_acf_changed":false},"product_brand":[],"product_cat":[2731],"product_tag":[3295,591,3324,3286,420,466,3261,482,515,574,468,817,2382],"class_list":{"0":"post-103796","1":"product","2":"type-product","3":"status-publish","4":"has-post-thumbnail","6":"product_cat-knotted","7":"product_tag-bedroom-runner","8":"product_tag-farmhouse-rug","9":"product_tag-forest-green","10":"product_tag-green-runner","11":"product_tag-handmade-rug","12":"product_tag-kitchen-mat","13":"product_tag-recycled-cotton","14":"product_tag-rugs-for-bedroom","15":"product_tag-rugs-for-living-room","16":"product_tag-runner-rug","17":"product_tag-scandinavian-rug","18":"product_tag-shower-mat","19":"product_tag-wholesale-rugs","20":"product_shipping_class-small-package","22":"first","23":"instock","24":"taxable","25":"shipping-taxable","26":"purchasable","27":"product-type-simple"},"acf":[],"gallery_images":[103798,103799,103800,103801,103802,103803,103804,103805],"_links":{"self":[{"href":"https:\/\/www.padaworks.com\/pt\/wp-json\/wp\/v2\/product\/103796","targetHints":{"allow":["GET"]}}],"collection":[{"href":"https:\/\/www.padaworks.com\/pt\/wp-json\/wp\/v2\/product"}],"about":[{"href":"https:\/\/www.padaworks.com\/pt\/wp-json\/wp\/v2\/types\/product"}],"replies":[{"embeddable":true,"href":"https:\/\/www.padaworks.com\/pt\/wp-json\/wp\/v2\/comments?post=103796"}],"wp:featuredmedia":[{"embeddable":true,"href":"https:\/\/www.padaworks.com\/pt\/wp-json\/wp\/v2\/media\/103797"}],"wp:attachment":[{"href":"https:\/\/www.padaworks.com\/pt\/wp-json\/wp\/v2\/media?parent=103796"}],"wp:term":[{"taxonomy":"product_brand","embeddable":true,"href":"https:\/\/www.padaworks.com\/pt\/wp-json\/wp\/v2\/product_brand?post=103796"},{"taxonomy":"product_cat","embeddable":true,"href":"https:\/\/www.padaworks.com\/pt\/wp-json\/wp\/v2\/product_cat?post=103796"},{"taxonomy":"product_tag","embeddable":true,"href":"https:\/\/www.padaworks.com\/pt\/wp-json\/wp\/v2\/product_tag?post=103796"}],"curies":[{"name":"wp","href":"https:\/\/api.w.org\/{rel}","templated":true}]}}