{"id":103399,"date":"2026-02-04T15:22:07","date_gmt":"2026-02-04T15:22:07","guid":{"rendered":"https:\/\/www.padaworks.com\/product\/adorable-ceramic-seahorse-pottery-seahorse-ceramic-hanging-wall-hanging-sea-friends-balcony-decor-handmade-art-coastal-decor\/"},"modified":"2026-04-26T12:33:13","modified_gmt":"2026-04-26T12:33:13","slug":"adoravel-decoracao-de-parede-com-cavalos-marinhos-em-ceramica","status":"publish","type":"product","link":"https:\/\/www.padaworks.com\/pt\/product\/adoravel-decoracao-de-parede-com-cavalos-marinhos-em-ceramica\/","title":{"rendered":"Ador\u00e1vel cavalo-marinho em cer\u00e2mica - Decora\u00e7\u00e3o de parede"},"content":{"rendered":"<p>Cavalo marinho de cer\u00e2mica ador\u00e1vel<\/p>\n<p>Estas pe\u00e7as de cer\u00e2mica s\u00e3o \u00fanicas!<br \/>\nDesde o trabalho de extra\u00e7\u00e3o, a prepara\u00e7\u00e3o e a moldagem do barro s\u00e3o feitas \u00e0 m\u00e3o. A pintura \u00e9 tamb\u00e9m efectuada \u00e0 m\u00e3o.<br \/>\nUma pe\u00e7a de arte \u00fanica, perfeita para a decora\u00e7\u00e3o que procura.<\/p>\n<p>Feito \u00e0 m\u00e3o<br \/>\nPequenas irregularidades comprovam um trabalho artesanal 100% e pe\u00e7as \u00fanicas!<br \/>\nFabricado em Portugal<\/p>\n<p>Dimens\u00f5es:<br \/>\nC - 8 cm, L - 19 cm, P - 2 cm<br \/>\nC - 3,1 pol., L - 7,5 pol., P - 0,8 pol.<\/p>\n<p>T\u00eam um orif\u00edcio para pendurar na parede.<br \/>\nAs dimens\u00f5es podem variar ligeiramente.<\/p>","protected":false},"excerpt":{"rendered":"<p>Adorable Ceramic Seahorse These ceramic pieces are unique! From the extraction work, preparation and molding of the clay are done by hand. The painting is also done by hand. A unique piece of art perfect for the decor you are looking for. Artisan Made Small irregularities prove a 100% handmade work and unique pieces! Made [&hellip;]<\/p>","protected":false},"featured_media":103400,"comment_status":"closed","ping_status":"closed","template":"","meta":{"_acf_changed":false},"product_brand":[],"product_cat":[1551,1799],"product_tag":[1401,495,1008,494,2055,1619,396,1466,2572,493,3304,3305,2061],"class_list":{"0":"post-103399","1":"product","2":"type-product","3":"status-publish","4":"has-post-thumbnail","6":"product_cat-fishes","7":"product_cat-little-treasoures","8":"product_tag-beach-house-decor","9":"product_tag-ceramic-art","10":"product_tag-ceramic-wall-art","11":"product_tag-ceramic-wall-hanging","12":"product_tag-fish-ornament","13":"product_tag-fish-wall-art","14":"product_tag-fish-wall-hanging","15":"product_tag-handmade-ceramic","16":"product_tag-one-of-kind","17":"product_tag-outdoor-wall-decor","18":"product_tag-seahorse","19":"product_tag-seahorse-lovers","20":"product_tag-tropical-fish","21":"product_shipping_class-small-package","23":"first","24":"instock","25":"taxable","26":"shipping-taxable","27":"purchasable","28":"product-type-variable","29":"has-default-attributes","30":"wvs-archive-product-wrapper"},"acf":[],"gallery_images":[103401,103402,103403,103404,103405,103406],"_links":{"self":[{"href":"https:\/\/www.padaworks.com\/pt\/wp-json\/wp\/v2\/product\/103399","targetHints":{"allow":["GET"]}}],"collection":[{"href":"https:\/\/www.padaworks.com\/pt\/wp-json\/wp\/v2\/product"}],"about":[{"href":"https:\/\/www.padaworks.com\/pt\/wp-json\/wp\/v2\/types\/product"}],"replies":[{"embeddable":true,"href":"https:\/\/www.padaworks.com\/pt\/wp-json\/wp\/v2\/comments?post=103399"}],"wp:featuredmedia":[{"embeddable":true,"href":"https:\/\/www.padaworks.com\/pt\/wp-json\/wp\/v2\/media\/103400"}],"wp:attachment":[{"href":"https:\/\/www.padaworks.com\/pt\/wp-json\/wp\/v2\/media?parent=103399"}],"wp:term":[{"taxonomy":"product_brand","embeddable":true,"href":"https:\/\/www.padaworks.com\/pt\/wp-json\/wp\/v2\/product_brand?post=103399"},{"taxonomy":"product_cat","embeddable":true,"href":"https:\/\/www.padaworks.com\/pt\/wp-json\/wp\/v2\/product_cat?post=103399"},{"taxonomy":"product_tag","embeddable":true,"href":"https:\/\/www.padaworks.com\/pt\/wp-json\/wp\/v2\/product_tag?post=103399"}],"curies":[{"name":"wp","href":"https:\/\/api.w.org\/{rel}","templated":true}]}}