{"id":103390,"date":"2026-02-04T14:49:39","date_gmt":"2026-02-04T14:49:39","guid":{"rendered":"https:\/\/www.padaworks.com\/product\/small-cream-and-orange-rug-50x100cm-checkered-rug-recycled-cotton-rug-bedside-rug-bathroom-rug-bath-mat-modern-rug-warm-decor\/"},"modified":"2026-02-04T14:53:10","modified_gmt":"2026-02-04T14:53:10","slug":"pequeno-tapete-creme-e-laranja-axadrezado-50x100cm-tapete-macio","status":"publish","type":"product","link":"https:\/\/www.padaworks.com\/pt\/product\/pequeno-tapete-creme-e-laranja-axadrezado-50x100cm-tapete-macio\/","title":{"rendered":"Tapete pequeno xadrez creme e laranja - 50x100cm - Tapete macio"},"content":{"rendered":"<p>Tapete pequeno creme e laranja 50x100cm<\/p>\n<p>Este tapete \u00e9 tecido num tear manual com tecidos reutilizados.<br \/>\nOs nossos tapetes s\u00e3o robustos, leves e podem ser lavados regularmente \u00e0 m\u00e3o ou \u00e0 m\u00e1quina.<br \/>\n\u00c9 ecol\u00f3gico porque reutiliza a mat\u00e9ria-prima desperdi\u00e7ada pela ind\u00fastria t\u00eaxtil.<br \/>\nRecomendamos a lavagem a frio ou a 30\u00b0C.<br \/>\nUma vez que este tapete \u00e9 fabricado com produtos reciclados das ind\u00fastrias t\u00eaxteis, pode haver ligeiras varia\u00e7\u00f5es de cor.<\/p>\n<p>Feito \u00e0 m\u00e3o<br \/>\nFeito em Portugal com produtos portugueses, dedica\u00e7\u00e3o e amor!!<\/p>\n<p>Dimens\u00f5es:<br \/>\nC - 100 cm, L - 50 cm<br \/>\nC - 39,4 pol., L - 19,7 pol.<br \/>\nC - 3,3 p\u00e9s, L - 1,6 p\u00e9s<br \/>\nEspessura - cerca de 0,5 cm; 0,2 in<\/p>\n<p>As dimens\u00f5es podem variar ligeiramente.<\/p>","protected":false},"excerpt":{"rendered":"<p>Tapete pequeno creme e laranja 50x100cm Este tapete \u00e9 tecido num tear manual com tecidos reutilizados. Os nossos tapetes s\u00e3o robustos, leves e podem ser lavados regularmente \u00e0 m\u00e3o ou \u00e0 m\u00e1quina. \u00c9 ecol\u00f3gico porque reutiliza mat\u00e9ria-prima desperdi\u00e7ada pela ind\u00fastria t\u00eaxtil. Recomendamos a lavagem a frio ou a 30\u00b0C. Como este tapete \u00e9 [...]<\/p>","protected":false},"featured_media":103391,"comment_status":"closed","ping_status":"closed","template":"","meta":{"_acf_changed":false},"product_brand":[],"product_cat":[2728],"product_tag":[621,465,478,1835,1229,1077,3303,476,482,2547,3302,595,620],"class_list":{"0":"post-103390","1":"product","2":"type-product","3":"status-publish","4":"has-post-thumbnail","6":"product_cat-soft","7":"product_tag-2x3-rug","8":"product_tag-bedroom-rug","9":"product_tag-boho-rug","10":"product_tag-checkered-rug","11":"product_tag-new-home-gift","12":"product_tag-orange-rug","13":"product_tag-pet-rug","14":"product_tag-recycled-rugs","15":"product_tag-rugs-for-bedroom","16":"product_tag-small-check-rug","17":"product_tag-traditional-twist","18":"product_tag-washable-rug","19":"product_tag-woven-rug","20":"product_shipping_class-small-package","22":"first","23":"instock","24":"sale","25":"taxable","26":"shipping-taxable","27":"purchasable","28":"product-type-simple"},"acf":[],"gallery_images":[103392,103393,103394,103395,103396],"_links":{"self":[{"href":"https:\/\/www.padaworks.com\/pt\/wp-json\/wp\/v2\/product\/103390","targetHints":{"allow":["GET"]}}],"collection":[{"href":"https:\/\/www.padaworks.com\/pt\/wp-json\/wp\/v2\/product"}],"about":[{"href":"https:\/\/www.padaworks.com\/pt\/wp-json\/wp\/v2\/types\/product"}],"replies":[{"embeddable":true,"href":"https:\/\/www.padaworks.com\/pt\/wp-json\/wp\/v2\/comments?post=103390"}],"wp:featuredmedia":[{"embeddable":true,"href":"https:\/\/www.padaworks.com\/pt\/wp-json\/wp\/v2\/media\/103391"}],"wp:attachment":[{"href":"https:\/\/www.padaworks.com\/pt\/wp-json\/wp\/v2\/media?parent=103390"}],"wp:term":[{"taxonomy":"product_brand","embeddable":true,"href":"https:\/\/www.padaworks.com\/pt\/wp-json\/wp\/v2\/product_brand?post=103390"},{"taxonomy":"product_cat","embeddable":true,"href":"https:\/\/www.padaworks.com\/pt\/wp-json\/wp\/v2\/product_cat?post=103390"},{"taxonomy":"product_tag","embeddable":true,"href":"https:\/\/www.padaworks.com\/pt\/wp-json\/wp\/v2\/product_tag?post=103390"}],"curies":[{"name":"wp","href":"https:\/\/api.w.org\/{rel}","templated":true}]}}