{"id":2587,"date":"2021-02-05T14:42:50","date_gmt":"2021-02-05T14:42:50","guid":{"rendered":"http:\/\/www.padaworks.com\/?page_id=2587"},"modified":"2026-02-15T12:23:19","modified_gmt":"2026-02-15T12:23:19","slug":"politica-de-reembolso-de-devolucoes","status":"publish","type":"page","link":"https:\/\/www.padaworks.com\/pt\/politica-de-reembolso-de-devolucoes\/","title":{"rendered":"Pol\u00edtica de devolu\u00e7\u00e3o e reembolso"},"content":{"rendered":"<div data-elementor-type=\"wp-page\" data-elementor-id=\"2587\" class=\"elementor elementor-2587\" data-elementor-post-type=\"page\">\n\t\t\t\t<div class=\"elementor-element elementor-element-076f188 e-con-full e-flex e-con e-parent\" data-id=\"076f188\" data-element_type=\"container\" data-settings=\"{&quot;jet_parallax_layout_list&quot;:[]}\">\n\t\t\t\t<div class=\"elementor-element elementor-element-1050fe2a elementor-widget elementor-widget-text-editor\" data-id=\"1050fe2a\" data-element_type=\"widget\" data-widget_type=\"text-editor.default\">\n\t\t\t\t\t\t\t\t\t<p>Obrigado pela sua compra. Esperamos que esteja satisfeito com a sua compra.<\/p><p>No entanto, se, por qualquer motivo, n\u00e3o ficar totalmente satisfeito com a sua compra, pode devolv\u00ea-la e obter um reembolso total.<\/p><p>Para mais informa\u00e7\u00f5es sobre a nossa pol\u00edtica de devolu\u00e7\u00e3o, consulte a sec\u00e7\u00e3o seguinte.<\/p><h2>Devolu\u00e7\u00f5es<\/h2><p>Todas as devolu\u00e7\u00f5es devem ser enviadas pelo correio no prazo de vinte e cinco (25) dias a contar da data da compra.<\/p><p>Todos os artigos devolvidos devem estar em condi\u00e7\u00f5es novas e n\u00e3o utilizadas, com todas as etiquetas e r\u00f3tulos originais.<\/p><h2>Processo de devolu\u00e7\u00e3o<\/h2><p>Para devolver um artigo, envie um e-mail para o servi\u00e7o de apoio ao cliente em geral@padaworks.com para obter um n\u00famero de Autoriza\u00e7\u00e3o de Devolu\u00e7\u00e3o de Mercadoria (RMA).<\/p><p>Depois de receber um n\u00famero RMA, coloque o artigo de forma segura na sua embalagem original e inclua a sua prova de compra, e envie a sua devolu\u00e7\u00e3o para o seguinte endere\u00e7o:<\/p><p>Nuvens Artesanais Lda<br \/>Attn: PadaWorks Returns<br \/>Travessa de Guindes n 152<br \/>4795-535 Santo Tirso<br \/>Portugal<\/p><p>O utilizador ser\u00e1 respons\u00e1vel por todos os custos de envio da devolu\u00e7\u00e3o. Recomendamos vivamente que utilize um m\u00e9todo rastre\u00e1vel para enviar a sua devolu\u00e7\u00e3o.<\/p><h2>Reembolsos<\/h2><p>Depois de recebermos a sua devolu\u00e7\u00e3o e inspeccionarmos o estado do seu artigo, processaremos a sua devolu\u00e7\u00e3o.<\/p><p>Aguarde pelo menos dez (10) dias a partir da rece\u00e7\u00e3o do artigo para processar a sua devolu\u00e7\u00e3o.<\/p><p>Os reembolsos podem demorar 1-2 ciclos de fatura\u00e7\u00e3o a aparecer no extrato do seu cart\u00e3o de cr\u00e9dito, dependendo da empresa do seu cart\u00e3o de cr\u00e9dito.<\/p><p>Ser\u00e1 notificado por correio eletr\u00f3nico quando a sua devolu\u00e7\u00e3o tiver sido processada.<\/p><h2>Excep\u00e7\u00f5es<\/h2><p>No caso de produtos defeituosos ou danificados, contacte-nos atrav\u00e9s do n\u00famero de servi\u00e7o de apoio ao cliente abaixo indicado para proceder ao reembolso ou \u00e0 troca.<br \/>Nota<br \/>Os artigos em saldos s\u00e3o VENDA FINAL e n\u00e3o podem ser devolvidos.<\/p><h2>Perguntas<\/h2><p>Se tiver alguma quest\u00e3o relacionada com a nossa pol\u00edtica de devolu\u00e7\u00e3o, contacte-nos atrav\u00e9s do endere\u00e7o geral@padaworks.com<\/p>\t\t\t\t\t\t\t\t<\/div>\n\t\t\t\t<\/div>\n\t\t\t\t<\/div>","protected":false},"excerpt":{"rendered":"<p>Thank you for your purchase. We hope you are happy with your purchase. However, if you are not completely satisfied with your purchase for any reason, you may return it to us for a full refund only. Please see below for more information on our return policy. Returns All returns must be postmarked within twenty [&hellip;]<\/p>","protected":false},"author":1,"featured_media":0,"parent":0,"menu_order":0,"comment_status":"closed","ping_status":"closed","template":"","meta":{"_acf_changed":false,"footnotes":""},"class_list":["post-2587","page","type-page","status-publish","hentry"],"acf":[],"_links":{"self":[{"href":"https:\/\/www.padaworks.com\/pt\/wp-json\/wp\/v2\/pages\/2587","targetHints":{"allow":["GET"]}}],"collection":[{"href":"https:\/\/www.padaworks.com\/pt\/wp-json\/wp\/v2\/pages"}],"about":[{"href":"https:\/\/www.padaworks.com\/pt\/wp-json\/wp\/v2\/types\/page"}],"author":[{"embeddable":true,"href":"https:\/\/www.padaworks.com\/pt\/wp-json\/wp\/v2\/users\/1"}],"replies":[{"embeddable":true,"href":"https:\/\/www.padaworks.com\/pt\/wp-json\/wp\/v2\/comments?post=2587"}],"version-history":[{"count":3,"href":"https:\/\/www.padaworks.com\/pt\/wp-json\/wp\/v2\/pages\/2587\/revisions"}],"predecessor-version":[{"id":103739,"href":"https:\/\/www.padaworks.com\/pt\/wp-json\/wp\/v2\/pages\/2587\/revisions\/103739"}],"wp:attachment":[{"href":"https:\/\/www.padaworks.com\/pt\/wp-json\/wp\/v2\/media?parent=2587"}],"curies":[{"name":"wp","href":"https:\/\/api.w.org\/{rel}","templated":true}]}}