{"id":2564,"date":"2021-02-03T10:46:01","date_gmt":"2021-02-03T10:46:01","guid":{"rendered":"http:\/\/www.padaworks.com\/?page_id=2564"},"modified":"2022-06-09T15:21:35","modified_gmt":"2022-06-09T15:21:35","slug":"sobre-nos","status":"publish","type":"page","link":"https:\/\/www.padaworks.com\/pt\/sobre-nos\/","title":{"rendered":"Sobre n\u00f3s"},"content":{"rendered":"<p>Padaworks is a small company dedicated to the production and marketing of handmade products, using ancestral techniques.<\/p>\r\n<p>We value craftsmen, capable of producing unique products, giving them due recognition for their work.<\/p>\r\n<p>We want to value this art in order to promote its continued existence!<\/p>","protected":false},"excerpt":{"rendered":"<p>A Padaworks \u00e9 uma pequena empresa que se dedica \u00e0 produ\u00e7\u00e3o e comercializa\u00e7\u00e3o de produtos artesanais, utilizando t\u00e9cnicas ancestrais. Valorizamos os artes\u00e3os, capazes de produzir produtos \u00fanicos, dando-lhes o devido reconhecimento pelo seu trabalho. Queremos valorizar esta arte de forma a promover a sua continuidade!<\/p>","protected":false},"author":1,"featured_media":0,"parent":0,"menu_order":0,"comment_status":"closed","ping_status":"closed","template":"","meta":{"_acf_changed":false,"footnotes":""},"class_list":["post-2564","page","type-page","status-publish","hentry"],"acf":[],"_links":{"self":[{"href":"https:\/\/www.padaworks.com\/pt\/wp-json\/wp\/v2\/pages\/2564","targetHints":{"allow":["GET"]}}],"collection":[{"href":"https:\/\/www.padaworks.com\/pt\/wp-json\/wp\/v2\/pages"}],"about":[{"href":"https:\/\/www.padaworks.com\/pt\/wp-json\/wp\/v2\/types\/page"}],"author":[{"embeddable":true,"href":"https:\/\/www.padaworks.com\/pt\/wp-json\/wp\/v2\/users\/1"}],"replies":[{"embeddable":true,"href":"https:\/\/www.padaworks.com\/pt\/wp-json\/wp\/v2\/comments?post=2564"}],"version-history":[{"count":0,"href":"https:\/\/www.padaworks.com\/pt\/wp-json\/wp\/v2\/pages\/2564\/revisions"}],"wp:attachment":[{"href":"https:\/\/www.padaworks.com\/pt\/wp-json\/wp\/v2\/media?parent=2564"}],"curies":[{"name":"wp","href":"https:\/\/api.w.org\/{rel}","templated":true}]}}