{"id":2396,"date":"2018-11-24T03:20:03","date_gmt":"2018-11-24T03:20:03","guid":{"rendered":"http:\/\/moleez.wp1.zootemplate.com\/?page_id=2396"},"modified":"2024-07-18T16:41:17","modified_gmt":"2024-07-18T16:41:17","slug":"home-12","status":"publish","type":"page","link":"https:\/\/www.padaworks.com\/pt\/","title":{"rendered":"In\u00edcio"},"content":{"rendered":"<p>[vc_row full_width=&#8221;stretch_row_content_no_spaces&#8221; css=&#8221;.vc_custom_1654611428542{margin-bottom: 30px !important;}&#8221;][vc_column][rev_slider slidertitle=&#8221;Slider&#8221; alias=&#8221;slider&#8221;][\/vc_column][\/vc_row][vc_row css=&#8221;.vc_custom_1664400077297{margin-bottom: 15px !important;padding-top: 110px !important;padding-bottom: 110px !important;}&#8221;][vc_column][vc_column_text el_class=&#8221;intro_store&#8221;]<\/p>\n<h1 style=\"text-align: center;\">Bem-vindo ao PadaWorks<\/h1>\n<h2 style=\"text-align: center;\">Produtos artesanais<\/h2>\n<p style=\"text-align: center;\"><a href=\"https:\/\/www.padaworks.com\/pt\/sobre-nos\/\">Sobre n\u00f3s<\/a><\/p>\n<p>[\/vc_column_text][\/vc_column][\/vc_row][vc_row full_width=&#8221;stretch_row_content&#8221; css=&#8221;.vc_custom_1664399614354{margin-bottom: 15px !important;padding-top: 0px !important;padding-bottom: 0px !important;}&#8221;][vc_column][vc_row_inner][vc_column_inner][vc_custom_heading text=&#8221;See our categories&#8221; font_container=&#8221;tag:h2|font_size:62|text_align:center&#8221; google_fonts=&#8221;font_family:La%20Belle%20Aurore%3Aregular|font_style:400%20regular%3A400%3Anormal&#8221;][\/vc_column_inner][\/vc_row_inner][vc_column_text][mostrar_categorias][\/vc_column_text][\/vc_column][vc_column][vc_custom_heading text=&#8221;See our products&#8221; font_container=&#8221;tag:h2|font_size:62|text_align:center&#8221; google_fonts=&#8221;font_family:La%20Belle%20Aurore%3Aregular|font_style:400%20regular%3A400%3Anormal&#8221; css=&#8221;.vc_custom_1717169011566{margin-top: 50px !important;margin-bottom: 35px !important;}&#8221;][CleverProduct products_type=&#8221;carousel&#8221; filter_categories=&#8221;copper-art,picnic-baskets-2,market-baskets,home-living,storage-organization,miniatures,decorative-pillows,mirrors,lamp-shades,garden-decoration,tapestry,mini-rugs,small-rugs,medium-rugs,large-rugs,extra-large-rugs,runners,firewood-baskets,pottery,kitchenware,roosters,birds,fishs,religious,others,pet-supplies,bird-cages,pet-beds-cots,bags-purses,backpacks,handbags,clutches,shoulder-bags,totes,accessories,hats-accessories,wallets-accessories,toys-games&#8221; orderby=&#8221;rand&#8221; posts_per_page=&#8221;8&#8243;][\/vc_column][\/vc_row][vc_row full_width=&#8221;stretch_row&#8221; disable_element=&#8221;yes&#8221; css=&#8221;.vc_custom_1655311102522{margin-bottom: 0px !important;padding-top: 90px !important;padding-bottom: 90px !important;}&#8221;][vc_column width=&#8221;1\/3&#8243; css=&#8221;.vc_custom_1536134743764{padding-top: 15px !important;padding-bottom: 15px !important;}&#8221;][CleverFeatureBox icon_type=&#8221;cleverfont&#8221; icon_cleverfont=&#8221;cs-font clever-icon-refresh-4&#8243; icon_fontsize=&#8221;36px&#8221; style=&#8221;before&#8221; align=&#8221;text-center&#8221; media_color=&#8221;#ffa800&#8243; title=&#8221;Guarantee&#8221; preset=&#8221;dark&#8221;]30 days money back[\/CleverFeatureBox][\/vc_column][vc_column width=&#8221;1\/3&#8243; css=&#8221;.vc_custom_1536134752779{padding-top: 15px !important;padding-bottom: 15px !important;}&#8221;][CleverFeatureBox icon_type=&#8221;cleverfont&#8221; icon_cleverfont=&#8221;cs-font clever-icon-padlock-key&#8221; icon_fontsize=&#8221;36px&#8221; style=&#8221;before&#8221; align=&#8221;text-center&#8221; media_color=&#8221;#ffa800&#8243; title=&#8221;Paypal&#8221; preset=&#8221;dark&#8221;]Convenient payment methods[\/CleverFeatureBox][\/vc_column][vc_column width=&#8221;1\/3&#8243; css=&#8221;.vc_custom_1536134759445{padding-top: 15px !important;padding-bottom: 15px !important;}&#8221;][CleverFeatureBox icon_type=&#8221;cleverfont&#8221; icon_cleverfont=&#8221;cs-font clever-icon-support&#8221; icon_fontsize=&#8221;36px&#8221; style=&#8221;before&#8221; align=&#8221;text-center&#8221; media_color=&#8221;#ffa800&#8243; title=&#8221;Support all time&#8221; preset=&#8221;dark&#8221;]24\/7 Every time, Every where[\/CleverFeatureBox][\/vc_column][\/vc_row][vc_row full_width=&#8221;stretch_row&#8221; disable_element=&#8221;yes&#8221; css=&#8221;.vc_custom_1656426573757{padding-top: 100px !important;padding-bottom: 100px !important;background-color: #fbf0e0 !important;}&#8221; el_class=&#8221;newsletter_store_section&#8221;][vc_column][vc_column_text el_class=&#8221;intro_store newsletter_store&#8221;]<\/p>\n<h3 style=\"text-align: center;\">Newsletter<\/h3>\n<p style=\"text-align: center;\">Produtos artesanais com t\u00e9cnicas ancestrais.<\/p>\n<p style=\"text-align: center;\"><script>(function() {\n\twindow.mc4wp = window.mc4wp || {\n\t\tlisteners: [],\n\t\tforms: {\n\t\t\ton: function(evt, cb) {\n\t\t\t\twindow.mc4wp.listeners.push(\n\t\t\t\t\t{\n\t\t\t\t\t\tevent   : evt,\n\t\t\t\t\t\tcallback: cb\n\t\t\t\t\t}\n\t\t\t\t);\n\t\t\t}\n\t\t}\n\t}\n})();\n<\/script><!-- Mailchimp for WordPress v4.10.8 - https:\/\/wordpress.org\/plugins\/mailchimp-for-wp\/ --><form id=\"mc4wp-form-1\" class=\"mc4wp-form mc4wp-form-62\" method=\"post\" data-id=\"62\" data-name=\"Subscription form\" action=\"\" ><div class=\"mc4wp-form-fields\"><span>\r\n  Subscrever para receber cup\u00f5es e ofertas\r\n<\/span>\r\n<p class=\"wrap-subcription-field\">\r\n\t<input type=\"email\" name=\"EMAIL\" placeholder=\"O seu e-mail...\" required \/>\r\n\t<input type=\"submit\" value=\"Subscrever\" \/>\r\n<\/p><\/div><label style=\"display: none !important;\">Deixe este campo vazio se for humano: <input type=\"text\" name=\"_mc4wp_honeypot\" value=\"\" tabindex=\"-1\" autocomplete=\"off\" \/><\/label><input type=\"hidden\" name=\"_mc4wp_timestamp\" value=\"1775774980\" \/><input type=\"hidden\" name=\"_mc4wp_form_id\" value=\"62\" \/><input type=\"hidden\" name=\"_mc4wp_form_element_id\" value=\"mc4wp-form-1\" \/><div class=\"mc4wp-response\"><\/div><input type=\"hidden\" name=\"trp-form-language\" value=\"pt\"\/><\/form><!-- \/ Mailchimp for WordPress Plugin --><\/p>\n<p>[\/vc_column_text][\/vc_column][\/vc_row][vc_row el_class=&#8221;instagram_feed&#8221;][vc_column][vc_column_text]\t\t<div id=\"sbi_mod_error\" >\n\t\t\t<span>Esta mensagem de erro s\u00f3 \u00e9 vis\u00edvel para os administradores do WordPress<\/span><br\/>\n\t\t\t<p><strong>Erro: N\u00e3o foi encontrado nenhum feed com o ID 2.<\/strong>\n\t\t\t<p>Aceda \u00e0 p\u00e1gina de defini\u00e7\u00f5es do feed do Instagram para criar um feed.<\/p>\n\t\t<\/div>\n\t\t[\/vc_column_text][\/vc_column][\/vc_row]<\/p>","protected":false},"excerpt":{"rendered":"<p>[vc_row full_width=&#8221;stretch_row_content_no_spaces&#8221; css=&#8221;.vc_custom_1654611428542{margin-bottom: 30px !important;}&#8221;][vc_column][rev_slider slidertitle=&#8221;Slider&#8221; alias=&#8221;slider&#8221;][\/vc_column][\/vc_row][vc_row css=&#8221;.vc_custom_1664400077297{margin-bottom: 15px !important;padding-top: 110px !important;padding-bottom: 110px !important;}&#8221;][vc_column][vc_column_text el_class=&#8221;intro_store&#8221;] Welcome to PadaWorks Handmade products About us [\/vc_column_text][\/vc_column][\/vc_row][vc_row full_width=&#8221;stretch_row_content&#8221; css=&#8221;.vc_custom_1664399614354{margin-bottom: 15px !important;padding-top: 0px !important;padding-bottom: 0px !important;}&#8221;][vc_column][vc_row_inner][vc_column_inner][vc_custom_heading text=&#8221;See our categories&#8221; font_container=&#8221;tag:h2|font_size:62|text_align:center&#8221; google_fonts=&#8221;font_family:La%20Belle%20Aurore%3Aregular|font_style:400%20regular%3A400%3Anormal&#8221;][\/vc_column_inner][\/vc_row_inner][vc_column_text][mostrar_categorias][\/vc_column_text][\/vc_column][vc_column][vc_custom_heading text=&#8221;See our products&#8221; font_container=&#8221;tag:h2|font_size:62|text_align:center&#8221; google_fonts=&#8221;font_family:La%20Belle%20Aurore%3Aregular|font_style:400%20regular%3A400%3Anormal&#8221; css=&#8221;.vc_custom_1717169011566{margin-top: 50px !important;margin-bottom: 35px !important;}&#8221;][CleverProduct products_type=&#8221;carousel&#8221; filter_categories=&#8221;copper-art,picnic-baskets-2,market-baskets,home-living,storage-organization,miniatures,decorative-pillows,mirrors,lamp-shades,garden-decoration,tapestry,mini-rugs,small-rugs,medium-rugs,large-rugs,extra-large-rugs,runners,firewood-baskets,pottery,kitchenware,roosters,birds,fishs,religious,others,pet-supplies,bird-cages,pet-beds-cots,bags-purses,backpacks,handbags,clutches,shoulder-bags,totes,accessories,hats-accessories,wallets-accessories,toys-games&#8221; orderby=&#8221;rand&#8221; posts_per_page=&#8221;8&#8243;][\/vc_column][\/vc_row][vc_row full_width=&#8221;stretch_row&#8221; disable_element=&#8221;yes&#8221; css=&#8221;.vc_custom_1655311102522{margin-bottom: 0px !important;padding-top: [&hellip;]<\/p>","protected":false},"author":1,"featured_media":0,"parent":0,"menu_order":0,"comment_status":"closed","ping_status":"closed","template":"","meta":{"_acf_changed":false,"footnotes":""},"class_list":["post-2396","page","type-page","status-publish","hentry"],"acf":[],"_links":{"self":[{"href":"https:\/\/www.padaworks.com\/pt\/wp-json\/wp\/v2\/pages\/2396","targetHints":{"allow":["GET"]}}],"collection":[{"href":"https:\/\/www.padaworks.com\/pt\/wp-json\/wp\/v2\/pages"}],"about":[{"href":"https:\/\/www.padaworks.com\/pt\/wp-json\/wp\/v2\/types\/page"}],"author":[{"embeddable":true,"href":"https:\/\/www.padaworks.com\/pt\/wp-json\/wp\/v2\/users\/1"}],"replies":[{"embeddable":true,"href":"https:\/\/www.padaworks.com\/pt\/wp-json\/wp\/v2\/comments?post=2396"}],"version-history":[{"count":0,"href":"https:\/\/www.padaworks.com\/pt\/wp-json\/wp\/v2\/pages\/2396\/revisions"}],"wp:attachment":[{"href":"https:\/\/www.padaworks.com\/pt\/wp-json\/wp\/v2\/media?parent=2396"}],"curies":[{"name":"wp","href":"https:\/\/api.w.org\/{rel}","templated":true}]}}